{"id":622,"date":"2015-08-10T07:49:32","date_gmt":"2015-08-10T07:49:32","guid":{"rendered":"http:\/\/www.mercasystems.com\/palomas_blog\/?page_id=622"},"modified":"2018-05-17T15:55:51","modified_gmt":"2018-05-17T15:55:51","slug":"sistema-para-cabezas-hinchadas","status":"publish","type":"page","link":"https:\/\/www.mercasystems.com\/palomas_blog\/?page_id=622","title":{"rendered":"Sistema para cabezas hinchadas"},"content":{"rendered":"<h3><strong>2. <span style=\"color: #000000;\"><strong>Travipharma Esquema de tratamiento<\/strong><\/span><\/strong><\/h3>\n<p>&nbsp;<\/p>\n<p>&nbsp;<\/p>\n<p>&nbsp;<\/p>\n<h3><strong>SISTEMAS PARA CABEZAS\u00a0HINCHADAS<\/strong><\/h3>\n<ul>\n<li style=\"list-style-type: none;\">\n<ul>\n<li>Primero usar:<br \/>\n<a href=\"https:\/\/palomas.mercasystems.com\/index.php\/super-anti-slijm-nose-drops-10-ml-travipharma-products.html\">S.A.S. <\/a>(gotas nasales)<\/li>\n<li>Despu\u00e9s usar\u00a0durante 8\/10 d\u00edas : Cura contra \u00abcabezas hinchadas\u00bb<\/li>\n<li>Despu\u00e9s del tratamiento:<\/li>\n<\/ul>\n<\/li>\n<\/ul>\n<p>-SUPER-ANTI-MUCOUS cada 14 d\u00edas<\/p>\n<p>&#8211; BREATHING COMPLEX 3 en una semana.<\/p>\n<p>&nbsp;<\/p>\n<p>&nbsp;<\/p>\n<p>&nbsp;<\/p>\n","protected":false},"excerpt":{"rendered":"<p>2. Travipharma Esquema de tratamiento &nbsp; &nbsp; &nbsp; SISTEMAS PARA CABEZAS\u00a0HINCHADAS Primero usar: S.A.S. (gotas nasales) Despu\u00e9s usar\u00a0durante 8\/10 d\u00edas : Cura contra \u00abcabezas hinchadas\u00bb Despu\u00e9s del tratamiento: -SUPER-ANTI-MUCOUS cada 14 d\u00edas &#8211; BREATHING COMPLEX 3 en una semana. &nbsp; &hellip; <a href=\"https:\/\/www.mercasystems.com\/palomas_blog\/?page_id=622\">Sigue leyendo <span class=\"meta-nav\">&rarr;<\/span><\/a><\/p>\n","protected":false},"author":2,"featured_media":0,"parent":610,"menu_order":0,"comment_status":"open","ping_status":"open","template":"","meta":{"jetpack_post_was_ever_published":false},"yoast_head":"<!-- This site is optimized with the Yoast SEO plugin v19.8 - https:\/\/yoast.com\/wordpress\/plugins\/seo\/ -->\n<title>Sistema para cabezas hinchadas - Mercasystems.com Blog<\/title>\n<meta name=\"robots\" content=\"index, follow, max-snippet:-1, max-image-preview:large, max-video-preview:-1\" \/>\n<link rel=\"canonical\" href=\"https:\/\/www.mercasystems.com\/palomas_blog\/?page_id=622\" \/>\n<meta property=\"og:locale\" content=\"es_ES\" \/>\n<meta property=\"og:type\" content=\"article\" \/>\n<meta property=\"og:title\" content=\"Sistema para cabezas hinchadas - Mercasystems.com Blog\" \/>\n<meta property=\"og:description\" content=\"2. Travipharma Esquema de tratamiento &nbsp; &nbsp; &nbsp; SISTEMAS PARA CABEZAS\u00a0HINCHADAS Primero usar: S.A.S. (gotas nasales) Despu\u00e9s usar\u00a0durante 8\/10 d\u00edas : Cura contra \u00abcabezas hinchadas\u00bb Despu\u00e9s del tratamiento: -SUPER-ANTI-MUCOUS cada 14 d\u00edas &#8211; BREATHING COMPLEX 3 en una semana. &nbsp; &hellip; Sigue leyendo &rarr;\" \/>\n<meta property=\"og:url\" content=\"https:\/\/www.mercasystems.com\/palomas_blog\/?page_id=622\" \/>\n<meta property=\"og:site_name\" content=\"Mercasystems.com Blog\" \/>\n<meta property=\"article:modified_time\" content=\"2018-05-17T15:55:51+00:00\" \/>\n<meta name=\"twitter:card\" content=\"summary_large_image\" \/>\n<script type=\"application\/ld+json\" class=\"yoast-schema-graph\">{\"@context\":\"https:\/\/schema.org\",\"@graph\":[{\"@type\":\"WebPage\",\"@id\":\"https:\/\/www.mercasystems.com\/palomas_blog\/?page_id=622\",\"url\":\"https:\/\/www.mercasystems.com\/palomas_blog\/?page_id=622\",\"name\":\"Sistema para cabezas hinchadas - Mercasystems.com Blog\",\"isPartOf\":{\"@id\":\"https:\/\/www.mercasystems.com\/palomas_blog\/#website\"},\"datePublished\":\"2015-08-10T07:49:32+00:00\",\"dateModified\":\"2018-05-17T15:55:51+00:00\",\"breadcrumb\":{\"@id\":\"https:\/\/www.mercasystems.com\/palomas_blog\/?page_id=622#breadcrumb\"},\"inLanguage\":\"es\",\"potentialAction\":[{\"@type\":\"ReadAction\",\"target\":[\"https:\/\/www.mercasystems.com\/palomas_blog\/?page_id=622\"]}]},{\"@type\":\"BreadcrumbList\",\"@id\":\"https:\/\/www.mercasystems.com\/palomas_blog\/?page_id=622#breadcrumb\",\"itemListElement\":[{\"@type\":\"ListItem\",\"position\":1,\"name\":\"Portada\",\"item\":\"https:\/\/www.mercasystems.com\/palomas_blog\"},{\"@type\":\"ListItem\",\"position\":2,\"name\":\"Esquemas de Tratamientos\",\"item\":\"https:\/\/www.mercasystems.com\/palomas_blog\/?page_id=260\"},{\"@type\":\"ListItem\",\"position\":3,\"name\":\"Travipharma\",\"item\":\"https:\/\/www.mercasystems.com\/palomas_blog\/?page_id=610\"},{\"@type\":\"ListItem\",\"position\":4,\"name\":\"Sistema para cabezas hinchadas\"}]},{\"@type\":\"WebSite\",\"@id\":\"https:\/\/www.mercasystems.com\/palomas_blog\/#website\",\"url\":\"https:\/\/www.mercasystems.com\/palomas_blog\/\",\"name\":\"Mercasystems.com Blog\",\"description\":\"Toda la informaci\u00f3n que necesitas saber sobre tus palomas y p\u00e1jaros\",\"potentialAction\":[{\"@type\":\"SearchAction\",\"target\":{\"@type\":\"EntryPoint\",\"urlTemplate\":\"https:\/\/www.mercasystems.com\/palomas_blog\/?s={search_term_string}\"},\"query-input\":\"required name=search_term_string\"}],\"inLanguage\":\"es\"}]}<\/script>\n<!-- \/ Yoast SEO plugin. -->","yoast_head_json":{"title":"Sistema para cabezas hinchadas - Mercasystems.com Blog","robots":{"index":"index","follow":"follow","max-snippet":"max-snippet:-1","max-image-preview":"max-image-preview:large","max-video-preview":"max-video-preview:-1"},"canonical":"https:\/\/www.mercasystems.com\/palomas_blog\/?page_id=622","og_locale":"es_ES","og_type":"article","og_title":"Sistema para cabezas hinchadas - Mercasystems.com Blog","og_description":"2. Travipharma Esquema de tratamiento &nbsp; &nbsp; &nbsp; SISTEMAS PARA CABEZAS\u00a0HINCHADAS Primero usar: S.A.S. (gotas nasales) Despu\u00e9s usar\u00a0durante 8\/10 d\u00edas : Cura contra \u00abcabezas hinchadas\u00bb Despu\u00e9s del tratamiento: -SUPER-ANTI-MUCOUS cada 14 d\u00edas &#8211; BREATHING COMPLEX 3 en una semana. &nbsp; &hellip; Sigue leyendo &rarr;","og_url":"https:\/\/www.mercasystems.com\/palomas_blog\/?page_id=622","og_site_name":"Mercasystems.com Blog","article_modified_time":"2018-05-17T15:55:51+00:00","twitter_card":"summary_large_image","schema":{"@context":"https:\/\/schema.org","@graph":[{"@type":"WebPage","@id":"https:\/\/www.mercasystems.com\/palomas_blog\/?page_id=622","url":"https:\/\/www.mercasystems.com\/palomas_blog\/?page_id=622","name":"Sistema para cabezas hinchadas - Mercasystems.com Blog","isPartOf":{"@id":"https:\/\/www.mercasystems.com\/palomas_blog\/#website"},"datePublished":"2015-08-10T07:49:32+00:00","dateModified":"2018-05-17T15:55:51+00:00","breadcrumb":{"@id":"https:\/\/www.mercasystems.com\/palomas_blog\/?page_id=622#breadcrumb"},"inLanguage":"es","potentialAction":[{"@type":"ReadAction","target":["https:\/\/www.mercasystems.com\/palomas_blog\/?page_id=622"]}]},{"@type":"BreadcrumbList","@id":"https:\/\/www.mercasystems.com\/palomas_blog\/?page_id=622#breadcrumb","itemListElement":[{"@type":"ListItem","position":1,"name":"Portada","item":"https:\/\/www.mercasystems.com\/palomas_blog"},{"@type":"ListItem","position":2,"name":"Esquemas de Tratamientos","item":"https:\/\/www.mercasystems.com\/palomas_blog\/?page_id=260"},{"@type":"ListItem","position":3,"name":"Travipharma","item":"https:\/\/www.mercasystems.com\/palomas_blog\/?page_id=610"},{"@type":"ListItem","position":4,"name":"Sistema para cabezas hinchadas"}]},{"@type":"WebSite","@id":"https:\/\/www.mercasystems.com\/palomas_blog\/#website","url":"https:\/\/www.mercasystems.com\/palomas_blog\/","name":"Mercasystems.com Blog","description":"Toda la informaci\u00f3n que necesitas saber sobre tus palomas y p\u00e1jaros","potentialAction":[{"@type":"SearchAction","target":{"@type":"EntryPoint","urlTemplate":"https:\/\/www.mercasystems.com\/palomas_blog\/?s={search_term_string}"},"query-input":"required name=search_term_string"}],"inLanguage":"es"}]}},"jetpack_sharing_enabled":true,"jetpack_shortlink":"https:\/\/wp.me\/P7JqRk-a2","jetpack-related-posts":[{"id":610,"url":"https:\/\/www.mercasystems.com\/palomas_blog\/?page_id=610","url_meta":{"origin":622,"position":0},"title":"Travipharma","date":"10 agosto, 2015","format":false,"excerpt":"\u2013 Sistema para la cr\u00eda. \u2013 Sistema de competici\u00f3n. \u2013 Sistema de muda\/invierno. \u2013 Sistema de viajes de larga distancia. \u2013 Sistema para cabezas hinchadas. \u00a0","rel":"","context":"Entrada similar","img":{"alt_text":"","src":"","width":0,"height":0},"classes":[]},{"id":260,"url":"https:\/\/www.mercasystems.com\/palomas_blog\/?page_id=260","url_meta":{"origin":622,"position":1},"title":"Esquemas de Tratamientos","date":"17 noviembre, 2012","format":false,"excerpt":"Tratamientos por marcas: 1. Belgica de Weerd. - Temporada de carreras de palomas viejas. -\u00a0Palomas J\u00f3venes -\u00a0Temporada de muda. -\u00a0Programa de invierno. -\u00a0Programa de cr\u00eda. \u00a0 2. Travipharma - Sistema para la cr\u00eda. - Sistema de competici\u00f3n. - Sistema de muda\/invierno. - Sistema de viajes de larga distancia. - Sistema\u2026","rel":"","context":"Entrada similar","img":{"alt_text":"","src":"","width":0,"height":0},"classes":[]},{"id":603,"url":"https:\/\/www.mercasystems.com\/palomas_blog\/?page_id=603","url_meta":{"origin":622,"position":2},"title":"Palomas j\u00f3venes","date":"10 agosto, 2015","format":false,"excerpt":"1. Belgica de Weerd Esquema de Tratamiento TODAS LAS CARRERAS Creciendo durante las carreras: - Directamente despu\u00e9s del destete administrar B.S (Better Digestion) en el tratamiento durante\u00a07 d\u00edas consecutivos. - M\u00e1s all\u00e1: una vez cada 3 semanas\u00a0B.S(Better Digestion) durante 3 d\u00edas. - 2 semanas antes de los vuelos de entrenamiento\u2026","rel":"","context":"Entrada similar","img":{"alt_text":"","src":"","width":0,"height":0},"classes":[]},{"id":605,"url":"https:\/\/www.mercasystems.com\/palomas_blog\/?page_id=605","url_meta":{"origin":622,"position":3},"title":"Temporada de muda","date":"10 agosto, 2015","format":false,"excerpt":"\u00a0 1. Belgica de Weerd Esquema de Tratamiento \u00a0 \u00a0 En caso de cualquier si sospecha de Paratifoidea (salmonelosis), se recomienda curar las palomas de 10 a 14 d\u00edas\u00a0consecutivos con Parastop: 1 sobre en 2 litros de agua. En el caso de esta enfermedad en los alrededores de su\u00a0palomar le\u2026","rel":"","context":"Entrada similar","img":{"alt_text":"","src":"","width":0,"height":0},"classes":[]},{"id":750,"url":"https:\/\/www.mercasystems.com\/palomas_blog\/?page_id=750","url_meta":{"origin":622,"position":4},"title":"Comed &#8211; Sistemas de competici\u00f3n &#8211; Palomas de competici\u00f3n","date":"17 septiembre, 2015","format":false,"excerpt":"ESQUEMAS DE TRATAMIENTO DE COMED PALOMAS DE COMPETICI\u00d3N TEMPORADA DE CR\u00cdA UNA SEMANA ANTES DEL COMIENZO DE LA CR\u00cdA D\u00cdA TRATAMIENTO D\u00cdA 1 Curol (or\u00a0Phytocur) \/Cometabol Drain D\u00cdA 2 Curol (or\u00a0Phytocur) \/Cometabol Drain D\u00cdA 3 Curol (or\u00a0Phytocur) \/Cometabol Drain D\u00cdA 4 Curol (or\u00a0Phytocur) \/Cometabol Drain D\u00cdA 5 Curol (or\u00a0Phytocur) \/Cometabol\u2026","rel":"","context":"Entrada similar","img":{"alt_text":"","src":"","width":0,"height":0},"classes":[]},{"id":645,"url":"https:\/\/www.mercasystems.com\/palomas_blog\/?page_id=645","url_meta":{"origin":622,"position":5},"title":"Programa de competici\u00f3n MedPet","date":"10 agosto, 2015","format":false,"excerpt":"6. Medpet SISTEMA DE COMPETICION MEDPET PROGRAMA DE COMPETICI\u00f3N \u00a0 - Los gusanos m\u00e1s comunes en las palomas (lombrices intestinales y y de las plumas) son f\u00e1cilmente recogidos por\u00a0las palomas, especialmente cuando todos los p\u00e1jaros se mezclan, como en el enceste. Por tanto, recomendamos que\u00a0usted trate a las palomas con\u2026","rel":"","context":"Entrada similar","img":{"alt_text":"","src":"","width":0,"height":0},"classes":[]}],"_links":{"self":[{"href":"https:\/\/www.mercasystems.com\/palomas_blog\/index.php?rest_route=\/wp\/v2\/pages\/622"}],"collection":[{"href":"https:\/\/www.mercasystems.com\/palomas_blog\/index.php?rest_route=\/wp\/v2\/pages"}],"about":[{"href":"https:\/\/www.mercasystems.com\/palomas_blog\/index.php?rest_route=\/wp\/v2\/types\/page"}],"author":[{"embeddable":true,"href":"https:\/\/www.mercasystems.com\/palomas_blog\/index.php?rest_route=\/wp\/v2\/users\/2"}],"replies":[{"embeddable":true,"href":"https:\/\/www.mercasystems.com\/palomas_blog\/index.php?rest_route=%2Fwp%2Fv2%2Fcomments&post=622"}],"version-history":[{"count":5,"href":"https:\/\/www.mercasystems.com\/palomas_blog\/index.php?rest_route=\/wp\/v2\/pages\/622\/revisions"}],"predecessor-version":[{"id":3749,"href":"https:\/\/www.mercasystems.com\/palomas_blog\/index.php?rest_route=\/wp\/v2\/pages\/622\/revisions\/3749"}],"up":[{"embeddable":true,"href":"https:\/\/www.mercasystems.com\/palomas_blog\/index.php?rest_route=\/wp\/v2\/pages\/610"}],"wp:attachment":[{"href":"https:\/\/www.mercasystems.com\/palomas_blog\/index.php?rest_route=%2Fwp%2Fv2%2Fmedia&parent=622"}],"curies":[{"name":"wp","href":"https:\/\/api.w.org\/{rel}","templated":true}]}}