{"id":4679,"date":"2019-02-04T10:40:17","date_gmt":"2019-02-04T10:40:17","guid":{"rendered":"https:\/\/www.mercasystems.com\/palomas_blog\/?page_id=4679"},"modified":"2021-06-18T07:10:23","modified_gmt":"2021-06-18T07:10:23","slug":"vip-landing-jorge-3-2","status":"publish","type":"page","link":"https:\/\/www.mercasystems.com\/palomas_blog\/?page_id=4679","title":{"rendered":"Landing Campeones PT"},"content":{"rendered":"<p><a href=\"https:\/\/palomas.mercasystems.com\/index.php\/contacts\/\" rel=\"nofollow\"><\/a><\/p>\n<p style=\"line-height: 30px; padding-top: 0px !important; margin-left: 0px !important; margin-top: 0px !important; margin-bottom: 0px !important;\"><span style=\"font-size: 22px;\"><\/span><\/p>\n<p style=\"line-height: 30px; padding-top: 0px !important; margin-left: 0px !important; margin-top: 0px !important; margin-bottom: 0px !important;\"><span style=\"font-size: 22px;\"><\/span><\/p>\n<p><span><a href=\"https:\/\/pombos.mercasystems.com\/index.php\/\"><img loading=\"lazy\" src=\"https:\/\/i0.wp.com\/www.mercasystems.com\/palomas_blog\/wp-content\/uploads\/2017\/06\/logo-2-300x66.png?resize=250%2C55\" style=\"\" width=\"250\" height=\"55\" data-attachment-id=\"1384\" scale=\"0\" data-recalc-dims=\"1\"><\/a><\/span><\/p>\n<p style=\"color: rgb(102, 102, 102); font-size: 20px; margin-top: 20px; margin-bottom: 0px; text-align: right;\"><span style=\"font-size: 15px;\"><span>\u203a &nbsp;\ufeff<a href=\"https:\/\/pombos.mercasystems.com\/index.php\/customer-service\/\" target=\"_blank\" rel=\"noopener\">Contacto<\/a>\ufeff&nbsp;&nbsp;\ufeff&nbsp;&nbsp;\u203a\ufeff &nbsp;\ufeff<a href=\"https:\/\/pombos.mercasystems.com\/index.php\/\" target=\"_blank\" rel=\"noopener\">Home<\/a><\/span><\/span><span><\/span><\/p>\n<p style=\"font-size: 22px; margin-top: 0px !important;\"><span><span><span><span>Programa &nbsp;<\/span><\/span><\/span><\/span><span><span><span>Aprender com os Grandes Campe\u00f5es<\/span><\/span><\/span><\/p>\n<p style=\"text-align: center;\">Conseguir que os seus Pombos <strong><span style=\"color: rgb(20, 142, 38);\"><strong>voem MAIS R\u00c1PIDO e durante MAIS TEMPO<\/strong><\/span><\/strong> \u00e9 a chave para chegar ao Top.<\/p>\n<p style=\"padding-right: 0px !important; margin-right: 30px !important; margin-top: -10px !important; text-align: left;\"><span style=\"font-size: 30px;\">Para se conseguir, \u00e9 necess\u00e1rio:<\/span><span><strong><\/strong><\/span><span><span><span><span>\u2713<\/span>&nbsp; <strong>Uma boa planifica\u00e7\u00e3o,&nbsp;<\/strong><\/span><\/span><\/span><span>(realista, que possa por em pr\u00e1tica).<\/span><\/p>\n<p style=\"padding-right: 0px !important; margin-right: 30px !important; margin-top: -10px !important; text-align: left;\"><span><span>&nbsp; &nbsp;<span>\u2713<\/span>&nbsp; <strong>Um m\u00e9todo sistem\u00e1tico,<\/strong> <\/span><\/span><span>que possa por em pratica diariamente (simples e eficaz).<\/span><\/p>\n<p style=\"padding-right: 0px !important; margin-right: 30px !important; margin-top: -10px !important; text-align: left;\"><span><span>&nbsp; &nbsp;<span>\u2713<\/span><span>&nbsp;<\/span> <strong>Conhecer as t\u00e9cnicas<\/strong> <\/span><\/span><span>que utilizam os Campe\u00f5es, que conseguem ganhar uma e outra vez (para que tamb\u00e9m voc\u00ea as possa por em pr\u00e1tica).<\/span><\/p>\n<p><span><img loading=\"lazy\" alt=\"\" style=\"\" src=\"https:\/\/i0.wp.com\/www.mercasystems.com\/palomas_blog\/wp-content\/uploads\/2017\/06\/flecha.png?resize=32%2C76\" width=\"32\" height=\"76\" data-attachment-id=\"1489\" scale=\"0\" data-recalc-dims=\"1\"><\/span><span><img loading=\"lazy\" alt=\"\" style=\"\" src=\"https:\/\/i0.wp.com\/www.mercasystems.com\/palomas_blog\/wp-content\/uploads\/2017\/06\/logo-1.png?resize=42%2C33\" width=\"42\" height=\"33\" data-attachment-id=\"1379\" scale=\"0\" data-recalc-dims=\"1\"><\/span><\/p>\n<p style=\"font-size: 16px;color: #999;margin-top: 0;margin-bottom: 0;\">2019. Mercasystems.com &#8211; All rights Reserved | <a href=\"https:\/\/pombos.mercasystems.com\/index.php\/customer-service\/\">Contacto<\/a><\/p>\n","protected":false},"excerpt":{"rendered":"<p>\u203a &nbsp;\ufeffContacto\ufeff&nbsp;&nbsp;\ufeff&nbsp;&nbsp;\u203a\ufeff &nbsp;\ufeffHome Programa &nbsp;Aprender com os Grandes Campe\u00f5es Conseguir que os seus Pombos voem MAIS R\u00c1PIDO e durante MAIS TEMPO \u00e9 a chave para chegar ao Top. Para se conseguir, \u00e9 necess\u00e1rio:\u2713&nbsp; Uma boa planifica\u00e7\u00e3o,&nbsp;(realista, que possa por em &hellip; <a href=\"https:\/\/www.mercasystems.com\/palomas_blog\/?page_id=4679\">Sigue leyendo <span class=\"meta-nav\">&rarr;<\/span><\/a><\/p>\n","protected":false},"author":2,"featured_media":0,"parent":0,"menu_order":0,"comment_status":"closed","ping_status":"closed","template":"","meta":{"jetpack_post_was_ever_published":false},"yoast_head":"<!-- This site is optimized with the Yoast SEO plugin v19.8 - https:\/\/yoast.com\/wordpress\/plugins\/seo\/ -->\n<title>Landing Campeones PT - Mercasystems.com Blog<\/title>\n<meta name=\"robots\" content=\"index, follow, max-snippet:-1, max-image-preview:large, max-video-preview:-1\" \/>\n<link rel=\"canonical\" href=\"https:\/\/www.mercasystems.com\/palomas_blog\/?page_id=4679\" \/>\n<meta property=\"og:locale\" content=\"es_ES\" \/>\n<meta property=\"og:type\" content=\"article\" \/>\n<meta property=\"og:title\" content=\"Landing Campeones PT - Mercasystems.com Blog\" \/>\n<meta property=\"og:description\" content=\"\u203a &nbsp;\ufeffContacto\ufeff&nbsp;&nbsp;\ufeff&nbsp;&nbsp;\u203a\ufeff &nbsp;\ufeffHome Programa &nbsp;Aprender com os Grandes Campe\u00f5es Conseguir que os seus Pombos voem MAIS R\u00c1PIDO e durante MAIS TEMPO \u00e9 a chave para chegar ao Top. Para se conseguir, \u00e9 necess\u00e1rio:\u2713&nbsp; Uma boa planifica\u00e7\u00e3o,&nbsp;(realista, que possa por em &hellip; Sigue leyendo &rarr;\" \/>\n<meta property=\"og:url\" content=\"https:\/\/www.mercasystems.com\/palomas_blog\/?page_id=4679\" \/>\n<meta property=\"og:site_name\" content=\"Mercasystems.com Blog\" \/>\n<meta property=\"article:modified_time\" content=\"2021-06-18T07:10:23+00:00\" \/>\n<meta name=\"twitter:card\" content=\"summary_large_image\" \/>\n<meta name=\"twitter:label1\" content=\"Tiempo de lectura\" \/>\n\t<meta name=\"twitter:data1\" content=\"1 minuto\" \/>\n<script type=\"application\/ld+json\" class=\"yoast-schema-graph\">{\"@context\":\"https:\/\/schema.org\",\"@graph\":[{\"@type\":\"WebPage\",\"@id\":\"https:\/\/www.mercasystems.com\/palomas_blog\/?page_id=4679\",\"url\":\"https:\/\/www.mercasystems.com\/palomas_blog\/?page_id=4679\",\"name\":\"Landing Campeones PT - Mercasystems.com Blog\",\"isPartOf\":{\"@id\":\"https:\/\/www.mercasystems.com\/palomas_blog\/#website\"},\"datePublished\":\"2019-02-04T10:40:17+00:00\",\"dateModified\":\"2021-06-18T07:10:23+00:00\",\"breadcrumb\":{\"@id\":\"https:\/\/www.mercasystems.com\/palomas_blog\/?page_id=4679#breadcrumb\"},\"inLanguage\":\"es\",\"potentialAction\":[{\"@type\":\"ReadAction\",\"target\":[\"https:\/\/www.mercasystems.com\/palomas_blog\/?page_id=4679\"]}]},{\"@type\":\"BreadcrumbList\",\"@id\":\"https:\/\/www.mercasystems.com\/palomas_blog\/?page_id=4679#breadcrumb\",\"itemListElement\":[{\"@type\":\"ListItem\",\"position\":1,\"name\":\"Portada\",\"item\":\"https:\/\/www.mercasystems.com\/palomas_blog\"},{\"@type\":\"ListItem\",\"position\":2,\"name\":\"Landing Campeones PT\"}]},{\"@type\":\"WebSite\",\"@id\":\"https:\/\/www.mercasystems.com\/palomas_blog\/#website\",\"url\":\"https:\/\/www.mercasystems.com\/palomas_blog\/\",\"name\":\"Mercasystems.com Blog\",\"description\":\"Toda la informaci\u00f3n que necesitas saber sobre tus palomas y p\u00e1jaros\",\"potentialAction\":[{\"@type\":\"SearchAction\",\"target\":{\"@type\":\"EntryPoint\",\"urlTemplate\":\"https:\/\/www.mercasystems.com\/palomas_blog\/?s={search_term_string}\"},\"query-input\":\"required name=search_term_string\"}],\"inLanguage\":\"es\"}]}<\/script>\n<!-- \/ Yoast SEO plugin. -->","yoast_head_json":{"title":"Landing Campeones PT - Mercasystems.com Blog","robots":{"index":"index","follow":"follow","max-snippet":"max-snippet:-1","max-image-preview":"max-image-preview:large","max-video-preview":"max-video-preview:-1"},"canonical":"https:\/\/www.mercasystems.com\/palomas_blog\/?page_id=4679","og_locale":"es_ES","og_type":"article","og_title":"Landing Campeones PT - Mercasystems.com Blog","og_description":"\u203a &nbsp;\ufeffContacto\ufeff&nbsp;&nbsp;\ufeff&nbsp;&nbsp;\u203a\ufeff &nbsp;\ufeffHome Programa &nbsp;Aprender com os Grandes Campe\u00f5es Conseguir que os seus Pombos voem MAIS R\u00c1PIDO e durante MAIS TEMPO \u00e9 a chave para chegar ao Top. Para se conseguir, \u00e9 necess\u00e1rio:\u2713&nbsp; Uma boa planifica\u00e7\u00e3o,&nbsp;(realista, que possa por em &hellip; Sigue leyendo &rarr;","og_url":"https:\/\/www.mercasystems.com\/palomas_blog\/?page_id=4679","og_site_name":"Mercasystems.com Blog","article_modified_time":"2021-06-18T07:10:23+00:00","twitter_card":"summary_large_image","twitter_misc":{"Tiempo de lectura":"1 minuto"},"schema":{"@context":"https:\/\/schema.org","@graph":[{"@type":"WebPage","@id":"https:\/\/www.mercasystems.com\/palomas_blog\/?page_id=4679","url":"https:\/\/www.mercasystems.com\/palomas_blog\/?page_id=4679","name":"Landing Campeones PT - Mercasystems.com Blog","isPartOf":{"@id":"https:\/\/www.mercasystems.com\/palomas_blog\/#website"},"datePublished":"2019-02-04T10:40:17+00:00","dateModified":"2021-06-18T07:10:23+00:00","breadcrumb":{"@id":"https:\/\/www.mercasystems.com\/palomas_blog\/?page_id=4679#breadcrumb"},"inLanguage":"es","potentialAction":[{"@type":"ReadAction","target":["https:\/\/www.mercasystems.com\/palomas_blog\/?page_id=4679"]}]},{"@type":"BreadcrumbList","@id":"https:\/\/www.mercasystems.com\/palomas_blog\/?page_id=4679#breadcrumb","itemListElement":[{"@type":"ListItem","position":1,"name":"Portada","item":"https:\/\/www.mercasystems.com\/palomas_blog"},{"@type":"ListItem","position":2,"name":"Landing Campeones PT"}]},{"@type":"WebSite","@id":"https:\/\/www.mercasystems.com\/palomas_blog\/#website","url":"https:\/\/www.mercasystems.com\/palomas_blog\/","name":"Mercasystems.com Blog","description":"Toda la informaci\u00f3n que necesitas saber sobre tus palomas y p\u00e1jaros","potentialAction":[{"@type":"SearchAction","target":{"@type":"EntryPoint","urlTemplate":"https:\/\/www.mercasystems.com\/palomas_blog\/?s={search_term_string}"},"query-input":"required name=search_term_string"}],"inLanguage":"es"}]}},"jetpack_sharing_enabled":true,"jetpack_shortlink":"https:\/\/wp.me\/P7JqRk-1dt","jetpack-related-posts":[{"id":4801,"url":"https:\/\/www.mercasystems.com\/palomas_blog\/?page_id=4801","url_meta":{"origin":4679,"position":0},"title":"Landing Campeones Bird PT","date":"13 mayo, 2019","format":false,"excerpt":"\u203a \u00a0\ufeffContacto\ufeff \u00a0\ufeff \u00a0\u203a\ufeff \u00a0\ufeffHomePrograma\u00a0Aprender com os Grandes Campe\u00f5esSegredos e T\u00e9cnicas que utilizam os grandes criadores de p\u00e1ssaros, para que tamb\u00e9m os possa por em pr\u00e1ticaPara o conseguir \u00e9 necess\u00e1rio:\u2713\u00a0 Uma boa planifica\u00e7\u00e3o,\u00a0(realista, que possa por em pr\u00e1tica).\u2713\u00a0 Un m\u00e9todo sistem\u00e1tico\u00a0que possa por em pr\u00e1tica diariamente (simples e eficaz).\u2713\u00a0 Conhecer\u2026","rel":"","context":"Entrada similar","img":{"alt_text":"","src":"","width":0,"height":0},"classes":[]},{"id":4594,"url":"https:\/\/www.mercasystems.com\/palomas_blog\/?page_id=4594","url_meta":{"origin":4679,"position":1},"title":"Landing Campeones ES","date":"1 febrero, 2019","format":false,"excerpt":"\u203a \u00a0\ufeffContacto\ufeff\u00a0\u00a0\ufeff\u00a0\u00a0\u203a\ufeff \u00a0\ufeffHomePrograma\u00a0Aprende de los Grandes CampeonesLograr que tus palomas vuelen M\u00c1S R\u00c1PIDO y durante M\u00c1S TIEMPO es la clave para llegar a lo m\u00e1s alto.Para conseguirlo necesitar\u00e1s:\u200b\u2713\u00a0 Una buena planificaci\u00f3n, (realista, que puedas llevarla a la pr\u00e1ctica)\u00a0 \u00a0\u2713\u00a0 Un m\u00e9todo sistem\u00e1tico que puedas poner en pr\u00e1ctica cada d\u00eda (sencillo\u2026","rel":"","context":"Entrada similar","img":{"alt_text":"","src":"","width":0,"height":0},"classes":[]},{"id":4750,"url":"https:\/\/www.mercasystems.com\/palomas_blog\/?page_id=4750","url_meta":{"origin":4679,"position":2},"title":"Landing Campeones Bird ES","date":"9 abril, 2019","format":false,"excerpt":"\u203a \u00a0\ufeffContacto\ufeff \u00a0\ufeff \u00a0\u203a\ufeff \u00a0\ufeffHomePrograma\u00a0Aprende de los Grandes CampeonesSecretos y t\u00e9cnicas que utilizan los grandes criadores de p\u00e1jaros para que t\u00fa tambi\u00e9n los pongas en pr\u00e1ctica.Para conseguirlo necesitar\u00e1s:\u200b\u2713\u00a0 Una buena planificaci\u00f3n, (realista, que puedas llevarla a la pr\u00e1ctica)\u2713\u00a0 Un m\u00e9todo sistem\u00e1tico que puedas poner en pr\u00e1ctica cada d\u00eda (sencillo pero\u2026","rel":"","context":"Entrada similar","img":{"alt_text":"","src":"","width":0,"height":0},"classes":[]},{"id":4823,"url":"https:\/\/www.mercasystems.com\/palomas_blog\/?page_id=4823","url_meta":{"origin":4679,"position":3},"title":"Landing Campeones Bird US-ES","date":"15 mayo, 2019","format":false,"excerpt":"\u203a \u00a0\ufeffContacto\ufeff \u00a0\ufeff \u00a0\u203a\ufeff \u00a0\ufeffHomePrograma\u00a0Aprende de los Grandes CampeonesSecretos y t\u00e9cnicas que utilizan los grandes criadores de p\u00e1jaros para que t\u00fa tambi\u00e9n los pongas en pr\u00e1ctica.Para conseguirlo necesitar\u00e1s:\u200b\u2713\u00a0 Una buena planificaci\u00f3n, (realista, que puedas llevarla a la pr\u00e1ctica)\u2713\u00a0 Un m\u00e9todo sistem\u00e1tico que puedas poner en pr\u00e1ctica cada d\u00eda (sencillo pero\u2026","rel":"","context":"Entrada similar","img":{"alt_text":"","src":"","width":0,"height":0},"classes":[]},{"id":3522,"url":"https:\/\/www.mercasystems.com\/palomas_blog\/?page_id=3522","url_meta":{"origin":4679,"position":4},"title":"Programa Campeones es","date":"3 mayo, 2018","format":false,"excerpt":"PROGRAMA\u00a0\"Aprende de los grandes campeones\"Para conseguir que tus palomas vuelen m\u00e1s r\u00e1pido y durante m\u00e1s tiempo, necesitas:Un m\u00e9todo sistem\u00e1tico\u00a0que puedas poner en pr\u00e1ctica cada d\u00eda (sencillo pero eficaz)\u00a0Conocer las t\u00e9cnicas\u00a0que utilizan los que s\u00ed consiguen ganar una y otra vez (para que t\u00fa tambi\u00e9n las pongas en pr\u00e1ctica).\u00a0Una buena planificaci\u00f3n\u00a0(realista,\u2026","rel":"","context":"Entrada similar","img":{"alt_text":"","src":"","width":0,"height":0},"classes":[]},{"id":5066,"url":"https:\/\/www.mercasystems.com\/palomas_blog\/?page_id=5066","url_meta":{"origin":4679,"position":5},"title":"CRIA 2021 &#8211; P\u00e1jaros &#8211; PT","date":"8 febrero, 2021","format":false,"excerpt":"\u203a \u00a0\ufeffContacto\ufeff \u00a0\ufeff \u00a0\u203a\ufeff \u00a0\ufeffHomeCom a ajuda do Dr. Coutteel, este ano, vai conseguir.Neste programa vai aprender a:\u2713\u00a0 Detectar Doen\u00e7as ocultas, nos reprodutores.\u2713\u00a0 Encontrar a forma \u00f3ptima, dos reprodutores.\u2713\u00a0 Manipular a luz, para favorecer a cria\u00e7\u00e3o.\u2713\u00a0 Preparar adequadamente, o espa\u00e7o para a cria\u00e7\u00e3o.Mercasystems.com - All rights Reserved | Contact","rel":"","context":"Entrada similar","img":{"alt_text":"","src":"","width":0,"height":0},"classes":[]}],"_links":{"self":[{"href":"https:\/\/www.mercasystems.com\/palomas_blog\/index.php?rest_route=\/wp\/v2\/pages\/4679"}],"collection":[{"href":"https:\/\/www.mercasystems.com\/palomas_blog\/index.php?rest_route=\/wp\/v2\/pages"}],"about":[{"href":"https:\/\/www.mercasystems.com\/palomas_blog\/index.php?rest_route=\/wp\/v2\/types\/page"}],"author":[{"embeddable":true,"href":"https:\/\/www.mercasystems.com\/palomas_blog\/index.php?rest_route=\/wp\/v2\/users\/2"}],"replies":[{"embeddable":true,"href":"https:\/\/www.mercasystems.com\/palomas_blog\/index.php?rest_route=%2Fwp%2Fv2%2Fcomments&post=4679"}],"version-history":[{"count":11,"href":"https:\/\/www.mercasystems.com\/palomas_blog\/index.php?rest_route=\/wp\/v2\/pages\/4679\/revisions"}],"predecessor-version":[{"id":5736,"href":"https:\/\/www.mercasystems.com\/palomas_blog\/index.php?rest_route=\/wp\/v2\/pages\/4679\/revisions\/5736"}],"wp:attachment":[{"href":"https:\/\/www.mercasystems.com\/palomas_blog\/index.php?rest_route=%2Fwp%2Fv2%2Fmedia&parent=4679"}],"curies":[{"name":"wp","href":"https:\/\/api.w.org\/{rel}","templated":true}]}}