{"id":4565,"date":"2018-12-26T07:35:28","date_gmt":"2018-12-26T07:35:28","guid":{"rendered":"https:\/\/www.mercasystems.com\/palomas_blog\/?page_id=4565"},"modified":"2021-01-24T16:35:33","modified_gmt":"2021-01-24T16:35:33","slug":"prueba-shippings-2","status":"publish","type":"page","link":"https:\/\/www.mercasystems.com\/palomas_blog\/?page_id=4565","title":{"rendered":"Formas de Pago ES"},"content":{"rendered":"<p><span style=\"width: 100%;\"><a href=\"https:\/\/palomas.mercasystems.com\"><img loading=\"lazy\" alt=\"\" width=\"300\" height=\"68\" title=\"logo_mercasystems_17.png\" src=\"https:\/\/i0.wp.com\/palomas.mercasystems.com\/skin\/frontend\/base\/default\/images\/logo_mercasystems_17.png?resize=300%2C68\" style=\"\" scale=\"0\" data-recalc-dims=\"1\"><\/a><\/span><\/p>\n<p style=\"text-align: center;\"><strong>Formas de Pago Disponibles<\/strong><\/p>\n<p><span style=\"width: 100%;\"><a href=\"https:\/\/i0.wp.com\/www.mercasystems.com\/palomas_blog\/wp-content\/uploads\/2018\/12\/credit_card_land.png?ssl=1\" rel=\"\"><img data-attachment-id=\"4573\" data-permalink=\"https:\/\/www.mercasystems.com\/palomas_blog\/?attachment_id=4573\" data-orig-file=\"https:\/\/i0.wp.com\/www.mercasystems.com\/palomas_blog\/wp-content\/uploads\/2018\/12\/credit_card_land.png?fit=204%2C102&amp;ssl=1\" data-orig-size=\"204,102\" data-comments-opened=\"1\" data-image-meta=\"{&quot;aperture&quot;:&quot;0&quot;,&quot;credit&quot;:&quot;&quot;,&quot;camera&quot;:&quot;&quot;,&quot;caption&quot;:&quot;&quot;,&quot;created_timestamp&quot;:&quot;0&quot;,&quot;copyright&quot;:&quot;&quot;,&quot;focal_length&quot;:&quot;0&quot;,&quot;iso&quot;:&quot;0&quot;,&quot;shutter_speed&quot;:&quot;0&quot;,&quot;title&quot;:&quot;&quot;,&quot;orientation&quot;:&quot;0&quot;}\" data-image-title=\"credit_card_land\" data-image-description=\"\" data-image-caption=\"\" data-medium-file=\"https:\/\/i0.wp.com\/www.mercasystems.com\/palomas_blog\/wp-content\/uploads\/2018\/12\/credit_card_land.png?fit=204%2C102&amp;ssl=1\" data-large-file=\"https:\/\/i0.wp.com\/www.mercasystems.com\/palomas_blog\/wp-content\/uploads\/2018\/12\/credit_card_land.png?fit=204%2C102&amp;ssl=1\" loading=\"lazy\" alt=\"\" width=\"204\" height=\"102\" title=\"credit_card_land\" data-id=\"4573\" src=\"https:\/\/i0.wp.com\/www.mercasystems.com\/palomas_blog\/wp-content\/uploads\/2018\/12\/credit_card_land.png?resize=204%2C102&#038;ssl=1\" style=\"\" data-recalc-dims=\"1\"><\/a><\/span><\/p>\n<h3 style=\"text-align: center;\"><strong>TARJETA DE CR\u00c9DITO\/ D\u00c9BITO<\/strong><\/h3>\n<p>Paga c\u00f3modamente con tu <strong>tarjeta de d\u00e9bito o cr\u00e9dito<\/strong>. Nosotros admitimos las siguientes tarjetas:<\/p>\n<ul>\n<li><span style=\"color: rgb(31, 30, 30);\"><a href=\"https:\/\/palomas.mercasystems.com\/index.php\/ultimo-responsive-magento-theme\/\">Visa<\/a><\/span><\/li>\n<li><span style=\"color: rgb(31, 30, 30);\"><a href=\"https:\/\/palomas.mercasystems.com\/index.php\/payments-palomas\/#\">MasterCard<\/a><\/span><\/li>\n<li><span style=\"color: rgb(31, 30, 30);\"><a href=\"https:\/\/palomas.mercasystems.com\/index.php\/payments-palomas\/#\">Discover<\/a><\/span><\/li>\n<li><span style=\"color: rgb(31, 30, 30);\"><a href=\"https:\/\/palomas.mercasystems.com\/index.php\/payments-palomas\/#\">JCB<\/a><\/span><\/li>\n<li><span style=\"color: rgb(31, 30, 30);\"><a href=\"https:\/\/palomas.mercasystems.com\/index.php\/payments-palomas\/#\">Maestro<\/a><\/span><\/li>\n<li><span style=\"color: rgb(31, 30, 30);\"><a href=\"https:\/\/palomas.mercasystems.com\/index.php\/payments-palomas\/#\">UnionPay<\/a><\/span><\/li>\n<\/ul>\n<p><span style=\"width: 100%;\"><a href=\"https:\/\/i0.wp.com\/www.mercasystems.com\/palomas_blog\/wp-content\/uploads\/2018\/12\/paypal.png?ssl=1\" rel=\"\"><img data-attachment-id=\"4575\" data-permalink=\"https:\/\/www.mercasystems.com\/palomas_blog\/?attachment_id=4575\" data-orig-file=\"https:\/\/i0.wp.com\/www.mercasystems.com\/palomas_blog\/wp-content\/uploads\/2018\/12\/paypal.png?fit=204%2C102&amp;ssl=1\" data-orig-size=\"204,102\" data-comments-opened=\"1\" data-image-meta=\"{&quot;aperture&quot;:&quot;0&quot;,&quot;credit&quot;:&quot;&quot;,&quot;camera&quot;:&quot;&quot;,&quot;caption&quot;:&quot;&quot;,&quot;created_timestamp&quot;:&quot;0&quot;,&quot;copyright&quot;:&quot;&quot;,&quot;focal_length&quot;:&quot;0&quot;,&quot;iso&quot;:&quot;0&quot;,&quot;shutter_speed&quot;:&quot;0&quot;,&quot;title&quot;:&quot;&quot;,&quot;orientation&quot;:&quot;0&quot;}\" data-image-title=\"paypal\" data-image-description=\"\" data-image-caption=\"\" data-medium-file=\"https:\/\/i0.wp.com\/www.mercasystems.com\/palomas_blog\/wp-content\/uploads\/2018\/12\/paypal.png?fit=204%2C102&amp;ssl=1\" data-large-file=\"https:\/\/i0.wp.com\/www.mercasystems.com\/palomas_blog\/wp-content\/uploads\/2018\/12\/paypal.png?fit=204%2C102&amp;ssl=1\" loading=\"lazy\" alt=\"\" width=\"204\" height=\"102\" title=\"paypal\" data-id=\"4575\" src=\"https:\/\/i0.wp.com\/www.mercasystems.com\/palomas_blog\/wp-content\/uploads\/2018\/12\/paypal.png?resize=204%2C102&#038;ssl=1\" style=\"\" data-recalc-dims=\"1\"><\/a><\/span><\/p>\n<h3 style=\"text-align: left;\"><strong>PAYPAL<\/strong><\/h3>\n<p>Si t\u00fa dispones de una cuenta <strong>PayPal<\/strong>, paga c\u00f3modamente tu pedido a trav\u00e9s de PayPal.<\/p>\n<\/p>\n<p>Si no tienes cuenta PayPal y est\u00e1s interesado en abrirte una, ve a paypal.com y cr\u00e9ate una cuenta. Es gratis.<\/p>\n<p><span style=\"width: 100%;\"><a href=\"https:\/\/i0.wp.com\/www.mercasystems.com\/palomas_blog\/wp-content\/uploads\/2018\/12\/reembolso.png?ssl=1\" rel=\"\"><img data-attachment-id=\"4577\" data-permalink=\"https:\/\/www.mercasystems.com\/palomas_blog\/?attachment_id=4577\" data-orig-file=\"https:\/\/i0.wp.com\/www.mercasystems.com\/palomas_blog\/wp-content\/uploads\/2018\/12\/reembolso.png?fit=204%2C102&amp;ssl=1\" data-orig-size=\"204,102\" data-comments-opened=\"1\" data-image-meta=\"{&quot;aperture&quot;:&quot;0&quot;,&quot;credit&quot;:&quot;&quot;,&quot;camera&quot;:&quot;&quot;,&quot;caption&quot;:&quot;&quot;,&quot;created_timestamp&quot;:&quot;0&quot;,&quot;copyright&quot;:&quot;&quot;,&quot;focal_length&quot;:&quot;0&quot;,&quot;iso&quot;:&quot;0&quot;,&quot;shutter_speed&quot;:&quot;0&quot;,&quot;title&quot;:&quot;&quot;,&quot;orientation&quot;:&quot;0&quot;}\" data-image-title=\"reembolso\" data-image-description=\"\" data-image-caption=\"\" data-medium-file=\"https:\/\/i0.wp.com\/www.mercasystems.com\/palomas_blog\/wp-content\/uploads\/2018\/12\/reembolso.png?fit=204%2C102&amp;ssl=1\" data-large-file=\"https:\/\/i0.wp.com\/www.mercasystems.com\/palomas_blog\/wp-content\/uploads\/2018\/12\/reembolso.png?fit=204%2C102&amp;ssl=1\" loading=\"lazy\" alt=\"\" width=\"204\" height=\"102\" title=\"reembolso\" data-id=\"4577\" src=\"https:\/\/i0.wp.com\/www.mercasystems.com\/palomas_blog\/wp-content\/uploads\/2018\/12\/reembolso.png?resize=204%2C102&#038;ssl=1\" style=\"\" data-recalc-dims=\"1\"><\/a><\/span><\/p>\n<h3 style=\"text-align: center;\"><strong>CONTRA REEMBOLSO<\/strong><\/h3>\n<p>Paga c\u00f3modamente tu pedido, en efectivo, <strong>en el momento de recibirlo.<\/strong><\/p>\n<\/p>\n<p><strong>\u200b<\/strong>Recuerda que esta opci\u00f3n conlleva un peque\u00f1o recargo del 2,5%<\/p>\n<p><span style=\"width: 100%;\"><a href=\"https:\/\/i0.wp.com\/www.mercasystems.com\/palomas_blog\/wp-content\/uploads\/2018\/12\/bank.png?ssl=1\" rel=\"\"><img data-attachment-id=\"4579\" data-permalink=\"https:\/\/www.mercasystems.com\/palomas_blog\/?attachment_id=4579\" data-orig-file=\"https:\/\/i0.wp.com\/www.mercasystems.com\/palomas_blog\/wp-content\/uploads\/2018\/12\/bank.png?fit=204%2C102&amp;ssl=1\" data-orig-size=\"204,102\" data-comments-opened=\"1\" data-image-meta=\"{&quot;aperture&quot;:&quot;0&quot;,&quot;credit&quot;:&quot;&quot;,&quot;camera&quot;:&quot;&quot;,&quot;caption&quot;:&quot;&quot;,&quot;created_timestamp&quot;:&quot;0&quot;,&quot;copyright&quot;:&quot;&quot;,&quot;focal_length&quot;:&quot;0&quot;,&quot;iso&quot;:&quot;0&quot;,&quot;shutter_speed&quot;:&quot;0&quot;,&quot;title&quot;:&quot;&quot;,&quot;orientation&quot;:&quot;0&quot;}\" data-image-title=\"bank\" data-image-description=\"\" data-image-caption=\"\" data-medium-file=\"https:\/\/i0.wp.com\/www.mercasystems.com\/palomas_blog\/wp-content\/uploads\/2018\/12\/bank.png?fit=204%2C102&amp;ssl=1\" data-large-file=\"https:\/\/i0.wp.com\/www.mercasystems.com\/palomas_blog\/wp-content\/uploads\/2018\/12\/bank.png?fit=204%2C102&amp;ssl=1\" loading=\"lazy\" alt=\"\" width=\"204\" height=\"102\" title=\"bank\" data-id=\"4579\" src=\"https:\/\/i0.wp.com\/www.mercasystems.com\/palomas_blog\/wp-content\/uploads\/2018\/12\/bank.png?resize=204%2C102&#038;ssl=1\" style=\"\" data-recalc-dims=\"1\"><\/a><\/span><\/p>\n<h3 style=\"text-align: center;\"><strong>Transferencia Bancaria<\/strong><\/h3>\n<p>Ten en cuenta que la <strong>transferencia bancaria<\/strong> puede tardar entre 1-3 d\u00edas en llegar a destino.<\/p>\n<\/p>\n<p>Una vez recibamos el pago, enviaremos tu pedido.<\/p>\n<p style=\"text-align: center;\">\u00a9 2021 Mercasystems.com &#8211; All rights Reserved &nbsp;| &nbsp;Formas de Pago<\/p>\n<p><span style=\"width: 100%;\"><a href=\"https:\/\/palomas.mercasystems.com\"><img loading=\"lazy\" alt=\"\" width=\"300\" height=\"68\" title=\"logo_mercasystems_17.png\" src=\"https:\/\/i0.wp.com\/palomas.mercasystems.com\/skin\/frontend\/base\/default\/images\/logo_mercasystems_17.png?resize=300%2C68\" style=\"\" scale=\"0\" data-recalc-dims=\"1\"><\/a><\/span><\/p>\n","protected":false},"excerpt":{"rendered":"<p>Formas de Pago Disponibles TARJETA DE CR\u00c9DITO\/ D\u00c9BITO Paga c\u00f3modamente con tu tarjeta de d\u00e9bito o cr\u00e9dito. Nosotros admitimos las siguientes tarjetas: Visa MasterCard Discover JCB Maestro UnionPay PAYPAL Si t\u00fa dispones de una cuenta PayPal, paga c\u00f3modamente tu pedido &hellip; <a href=\"https:\/\/www.mercasystems.com\/palomas_blog\/?page_id=4565\">Sigue leyendo <span class=\"meta-nav\">&rarr;<\/span><\/a><\/p>\n","protected":false},"author":2,"featured_media":0,"parent":0,"menu_order":0,"comment_status":"closed","ping_status":"closed","template":"","meta":{"jetpack_post_was_ever_published":false},"yoast_head":"<!-- This site is optimized with the Yoast SEO plugin v19.8 - https:\/\/yoast.com\/wordpress\/plugins\/seo\/ -->\n<title>Formas de Pago ES - Mercasystems.com Blog<\/title>\n<meta name=\"robots\" content=\"index, follow, max-snippet:-1, max-image-preview:large, max-video-preview:-1\" \/>\n<link rel=\"canonical\" href=\"https:\/\/www.mercasystems.com\/palomas_blog\/?page_id=4565\" \/>\n<meta property=\"og:locale\" content=\"es_ES\" \/>\n<meta property=\"og:type\" content=\"article\" \/>\n<meta property=\"og:title\" content=\"Formas de Pago ES - Mercasystems.com Blog\" \/>\n<meta property=\"og:description\" content=\"Formas de Pago Disponibles TARJETA DE CR\u00c9DITO\/ D\u00c9BITO Paga c\u00f3modamente con tu tarjeta de d\u00e9bito o cr\u00e9dito. Nosotros admitimos las siguientes tarjetas: Visa MasterCard Discover JCB Maestro UnionPay PAYPAL Si t\u00fa dispones de una cuenta PayPal, paga c\u00f3modamente tu pedido &hellip; Sigue leyendo &rarr;\" \/>\n<meta property=\"og:url\" content=\"https:\/\/www.mercasystems.com\/palomas_blog\/?page_id=4565\" \/>\n<meta property=\"og:site_name\" content=\"Mercasystems.com Blog\" \/>\n<meta property=\"article:modified_time\" content=\"2021-01-24T16:35:33+00:00\" \/>\n<meta property=\"og:image\" content=\"https:\/\/www.mercasystems.com\/palomas_blog\/wp-content\/uploads\/2018\/12\/credit_card_land.png\" \/>\n<meta name=\"twitter:card\" content=\"summary_large_image\" \/>\n<meta name=\"twitter:label1\" content=\"Tiempo de lectura\" \/>\n\t<meta name=\"twitter:data1\" content=\"1 minuto\" \/>\n<script type=\"application\/ld+json\" class=\"yoast-schema-graph\">{\"@context\":\"https:\/\/schema.org\",\"@graph\":[{\"@type\":\"WebPage\",\"@id\":\"https:\/\/www.mercasystems.com\/palomas_blog\/?page_id=4565\",\"url\":\"https:\/\/www.mercasystems.com\/palomas_blog\/?page_id=4565\",\"name\":\"Formas de Pago ES - Mercasystems.com Blog\",\"isPartOf\":{\"@id\":\"https:\/\/www.mercasystems.com\/palomas_blog\/#website\"},\"datePublished\":\"2018-12-26T07:35:28+00:00\",\"dateModified\":\"2021-01-24T16:35:33+00:00\",\"breadcrumb\":{\"@id\":\"https:\/\/www.mercasystems.com\/palomas_blog\/?page_id=4565#breadcrumb\"},\"inLanguage\":\"es\",\"potentialAction\":[{\"@type\":\"ReadAction\",\"target\":[\"https:\/\/www.mercasystems.com\/palomas_blog\/?page_id=4565\"]}]},{\"@type\":\"BreadcrumbList\",\"@id\":\"https:\/\/www.mercasystems.com\/palomas_blog\/?page_id=4565#breadcrumb\",\"itemListElement\":[{\"@type\":\"ListItem\",\"position\":1,\"name\":\"Portada\",\"item\":\"https:\/\/www.mercasystems.com\/palomas_blog\"},{\"@type\":\"ListItem\",\"position\":2,\"name\":\"Formas de Pago ES\"}]},{\"@type\":\"WebSite\",\"@id\":\"https:\/\/www.mercasystems.com\/palomas_blog\/#website\",\"url\":\"https:\/\/www.mercasystems.com\/palomas_blog\/\",\"name\":\"Mercasystems.com Blog\",\"description\":\"Toda la informaci\u00f3n que necesitas saber sobre tus palomas y p\u00e1jaros\",\"potentialAction\":[{\"@type\":\"SearchAction\",\"target\":{\"@type\":\"EntryPoint\",\"urlTemplate\":\"https:\/\/www.mercasystems.com\/palomas_blog\/?s={search_term_string}\"},\"query-input\":\"required name=search_term_string\"}],\"inLanguage\":\"es\"}]}<\/script>\n<!-- \/ Yoast SEO plugin. -->","yoast_head_json":{"title":"Formas de Pago ES - Mercasystems.com Blog","robots":{"index":"index","follow":"follow","max-snippet":"max-snippet:-1","max-image-preview":"max-image-preview:large","max-video-preview":"max-video-preview:-1"},"canonical":"https:\/\/www.mercasystems.com\/palomas_blog\/?page_id=4565","og_locale":"es_ES","og_type":"article","og_title":"Formas de Pago ES - Mercasystems.com Blog","og_description":"Formas de Pago Disponibles TARJETA DE CR\u00c9DITO\/ D\u00c9BITO Paga c\u00f3modamente con tu tarjeta de d\u00e9bito o cr\u00e9dito. Nosotros admitimos las siguientes tarjetas: Visa MasterCard Discover JCB Maestro UnionPay PAYPAL Si t\u00fa dispones de una cuenta PayPal, paga c\u00f3modamente tu pedido &hellip; Sigue leyendo &rarr;","og_url":"https:\/\/www.mercasystems.com\/palomas_blog\/?page_id=4565","og_site_name":"Mercasystems.com Blog","article_modified_time":"2021-01-24T16:35:33+00:00","og_image":[{"url":"https:\/\/www.mercasystems.com\/palomas_blog\/wp-content\/uploads\/2018\/12\/credit_card_land.png"}],"twitter_card":"summary_large_image","twitter_misc":{"Tiempo de lectura":"1 minuto"},"schema":{"@context":"https:\/\/schema.org","@graph":[{"@type":"WebPage","@id":"https:\/\/www.mercasystems.com\/palomas_blog\/?page_id=4565","url":"https:\/\/www.mercasystems.com\/palomas_blog\/?page_id=4565","name":"Formas de Pago ES - Mercasystems.com Blog","isPartOf":{"@id":"https:\/\/www.mercasystems.com\/palomas_blog\/#website"},"datePublished":"2018-12-26T07:35:28+00:00","dateModified":"2021-01-24T16:35:33+00:00","breadcrumb":{"@id":"https:\/\/www.mercasystems.com\/palomas_blog\/?page_id=4565#breadcrumb"},"inLanguage":"es","potentialAction":[{"@type":"ReadAction","target":["https:\/\/www.mercasystems.com\/palomas_blog\/?page_id=4565"]}]},{"@type":"BreadcrumbList","@id":"https:\/\/www.mercasystems.com\/palomas_blog\/?page_id=4565#breadcrumb","itemListElement":[{"@type":"ListItem","position":1,"name":"Portada","item":"https:\/\/www.mercasystems.com\/palomas_blog"},{"@type":"ListItem","position":2,"name":"Formas de Pago ES"}]},{"@type":"WebSite","@id":"https:\/\/www.mercasystems.com\/palomas_blog\/#website","url":"https:\/\/www.mercasystems.com\/palomas_blog\/","name":"Mercasystems.com Blog","description":"Toda la informaci\u00f3n que necesitas saber sobre tus palomas y p\u00e1jaros","potentialAction":[{"@type":"SearchAction","target":{"@type":"EntryPoint","urlTemplate":"https:\/\/www.mercasystems.com\/palomas_blog\/?s={search_term_string}"},"query-input":"required name=search_term_string"}],"inLanguage":"es"}]}},"jetpack_sharing_enabled":true,"jetpack_shortlink":"https:\/\/wp.me\/P7JqRk-1bD","jetpack-related-posts":[{"id":4693,"url":"https:\/\/www.mercasystems.com\/palomas_blog\/?page_id=4693","url_meta":{"origin":4565,"position":0},"title":"Formas de Pago PT","date":"20 febrero, 2019","format":false,"excerpt":"Formas de Pagamento Dispon\u00edveisCART\u00c3O DE CR\u00c9DITO\/D\u00c9BITOPague comodamente com o seu cart\u00e3o de d\u00e9bito ou cr\u00e9dito. Trabalhamos com os seguintes cart\u00f5es:VisaMasterCardDiscoverJCBMaestroUnionPayPAYPALSe tem uma conta PayPal, pague comodamente a sua encomenda pelo sistema PayPal.Se n\u00e3o tem conta PayPal e esta interessado em abrir uma, v\u00e1 a paypal.com e abra uma conta. \u00c9\u2026","rel":"","context":"Entrada similar","img":{"alt_text":"","src":"","width":0,"height":0},"classes":[]},{"id":3454,"url":"https:\/\/www.mercasystems.com\/palomas_blog\/?page_id=3454","url_meta":{"origin":4565,"position":1},"title":"Campeones ES Gracias","date":"26 abril, 2018","format":false,"excerpt":"\u00a1Felicidades!Ya formas parte del programa \"Aprende de los grandes campeones\". Muy pronto recibir\u00e1s por e-mail la primera entrega de este programa.arrow-down\u00a9 2019 Mercasystems.com. All rights Reserved","rel":"","context":"Entrada similar","img":{"alt_text":"","src":"","width":0,"height":0},"classes":[]},{"id":4749,"url":"https:\/\/www.mercasystems.com\/palomas_blog\/?page_id=4749","url_meta":{"origin":4565,"position":2},"title":"Campeones Birds ES Gracias","date":"9 abril, 2019","format":false,"excerpt":"\u00a1Felicidades!Ya formas parte del programa \"Aprende de los grandes campeones\". Muy pronto recibir\u00e1s por e-mail la primera entrega de este programa.arrow-down\u00a9 2019 Mercasystems.com. All rights Reserved","rel":"","context":"Entrada similar","img":{"alt_text":"Aprende de los grandes Campeones P\u00c3\u00a1jaros","src":"https:\/\/i0.wp.com\/www.mercasystems.com\/img_portadas\/campeones_bird.png?resize=350%2C200&ssl=1","width":350,"height":200},"classes":[]},{"id":4841,"url":"https:\/\/www.mercasystems.com\/palomas_blog\/?page_id=4841","url_meta":{"origin":4565,"position":3},"title":"Campeones Birds US-ES Gracias","date":"15 mayo, 2019","format":false,"excerpt":"\u00a1Felicidades!Ya formas parte del programa \"Aprende de los grandes campeones\". Muy pronto recibir\u00e1s por e-mail la primera entrega de este programa.arrow-down\u00a9 2019 Mercasystems.com. All rights Reserved","rel":"","context":"Entrada similar","img":{"alt_text":"Aprende de los grandes Campeones P\u00c3\u00a1jaros","src":"https:\/\/i0.wp.com\/www.mercasystems.com\/img_portadas\/campeones_bird.png?resize=350%2C200&ssl=1","width":350,"height":200},"classes":[]},{"id":4405,"url":"https:\/\/www.mercasystems.com\/palomas_blog\/?page_id=4405","url_meta":{"origin":4565,"position":4},"title":"Shippings ES","date":"18 diciembre, 2018","format":false,"excerpt":"Tarifas y M\u00e9todos de Env\u00edoLos env\u00edosse procesan en el mismo d\u00eda (de lunes a viernes), siempre y cuando se reciba el pago\u00a0antes de las 18:00 hrs (hora peninsular). Los pedidos pagados por transferencia bancaria pueden demorarse 1-2 d\u00edas, hasta que se confirme el pago.El horario de entrega de los pedidos\u2026","rel":"","context":"Entrada similar","img":{"alt_text":"","src":"https:\/\/i0.wp.com\/mercasystems.com\/landing\/servicios\/land_envio_vip.jpg?resize=350%2C200&ssl=1","width":350,"height":200},"classes":[]},{"id":4969,"url":"https:\/\/www.mercasystems.com\/palomas_blog\/?page_id=4969","url_meta":{"origin":4565,"position":5},"title":"Shippings ES_30_PALOMAS","date":"30 marzo, 2020","format":false,"excerpt":"Env\u00edo GRATIS\u00a0a partir de 59\u20ac de pedido (*)(*)\u00a0ENV\u00cdO GRATUITO a partir de 59\u20ac de pedido, sujeto a las condiciones de peso y volumen habituales (s\u00f3lo v\u00e1lido para env\u00edos a Pen\u00ednsula).Tarifas y M\u00e9todos de Env\u00edoLos env\u00edosse procesan en el mismo d\u00eda (de lunes a viernes), siempre y cuando se reciba el\u2026","rel":"","context":"Entrada similar","img":{"alt_text":"","src":"https:\/\/i0.wp.com\/palomas.mercasystems.com\/img_portadas\/land_envio_vip_es.jpg?resize=350%2C200&ssl=1","width":350,"height":200},"classes":[]}],"_links":{"self":[{"href":"https:\/\/www.mercasystems.com\/palomas_blog\/index.php?rest_route=\/wp\/v2\/pages\/4565"}],"collection":[{"href":"https:\/\/www.mercasystems.com\/palomas_blog\/index.php?rest_route=\/wp\/v2\/pages"}],"about":[{"href":"https:\/\/www.mercasystems.com\/palomas_blog\/index.php?rest_route=\/wp\/v2\/types\/page"}],"author":[{"embeddable":true,"href":"https:\/\/www.mercasystems.com\/palomas_blog\/index.php?rest_route=\/wp\/v2\/users\/2"}],"replies":[{"embeddable":true,"href":"https:\/\/www.mercasystems.com\/palomas_blog\/index.php?rest_route=%2Fwp%2Fv2%2Fcomments&post=4565"}],"version-history":[{"count":21,"href":"https:\/\/www.mercasystems.com\/palomas_blog\/index.php?rest_route=\/wp\/v2\/pages\/4565\/revisions"}],"predecessor-version":[{"id":5014,"href":"https:\/\/www.mercasystems.com\/palomas_blog\/index.php?rest_route=\/wp\/v2\/pages\/4565\/revisions\/5014"}],"wp:attachment":[{"href":"https:\/\/www.mercasystems.com\/palomas_blog\/index.php?rest_route=%2Fwp%2Fv2%2Fmedia&parent=4565"}],"curies":[{"name":"wp","href":"https:\/\/api.w.org\/{rel}","templated":true}]}}