{"id":4405,"date":"2018-12-18T15:53:51","date_gmt":"2018-12-18T15:53:51","guid":{"rendered":"https:\/\/www.mercasystems.com\/palomas_blog\/?page_id=4405"},"modified":"2019-04-12T11:26:29","modified_gmt":"2019-04-12T11:26:29","slug":"prueba-shippings","status":"publish","type":"page","link":"https:\/\/www.mercasystems.com\/palomas_blog\/?page_id=4405","title":{"rendered":"Shippings ES"},"content":{"rendered":"<p><span style=\"width: 100%;\"><a href=\"https:\/\/palomas.mercasystems.com\"><img loading=\"lazy\" alt=\"\" width=\"300\" height=\"68\" title=\"logo_mercasystems_17.png\" src=\"https:\/\/i0.wp.com\/palomas.mercasystems.com\/skin\/frontend\/base\/default\/images\/logo_mercasystems_17.png?resize=300%2C68\" style=\"width: 100%;\" scale=\"0\" data-recalc-dims=\"1\"><\/a><\/span><\/p>\n<p style=\"text-align: center;\"><strong>Tarifas y M\u00e9todos de Env\u00edo<\/strong><\/p>\n<ul>\n<li style=\"text-align: left;\"><strong><span>Los env\u00edos<\/span><\/strong><strong><span>se procesan en el mismo d\u00eda (de lunes a viernes)<\/span><\/strong>, siempre y cuando se reciba el pago&nbsp;<strong><span>antes de las 18:00 hrs<\/span><\/strong> (hora peninsular). Los pedidos pagados por transferencia bancaria pueden demorarse 1-2 d\u00edas, hasta que se confirme el pago.<\/li>\n<li style=\"text-align: left;\"><strong><span>El horario de entrega <\/span><\/strong><span>de los pedidos es de 8:00 a 22:00 horas de lunes a viernes (excluidos d\u00edas festivos).&nbsp;<\/span><\/li>\n<li style=\"text-align: left;\"><strong><span>Todos los env\u00edos tienen n\u00famero de seguimiento; <\/span><\/strong><span>te enviaremos dicho n\u00famero en cuanto tu pedido sea enviado y podr\u00e1s consultar, en todo momento, el estado de tu env\u00edo.<\/span><\/li>\n<li style=\"text-align: left;\"><span><strong>Todos los env\u00edos requieren firma<\/strong>, por lo que si no vas a estar en el domicilio y quieres evitar retrasos en la entrega, te recomendamos contactar con la agencia de transportes y concertar la entrega.<\/span><\/li>\n<\/ul>\n<h1 style=\"text-align: center;\"><strong><span style=\"color: rgb(205, 130, 13);\">P<\/span> <span style=\"color: rgb(35, 56, 173);\"><u>Puntos d<\/u><\/span><\/strong><\/h1>\n<p style=\"text-align: center;\"><strong>Tipos de Env\u00edos<\/strong><\/p>\n<ul>\n<li style=\"text-align: left;\"><strong><span><u>Env\u00edo GRATUITO<\/u>, <\/span><\/strong><span>para pedidos superiores a 60\u20ac y de peso inferior a 10kg; 2-4 d\u00edas laborables *<\/span><\/li>\n<li style=\"text-align: left;\"><strong><span><u>ECON\u00d3MICO<\/u>,&nbsp;<\/span><\/strong><span>&nbsp;2-4 d\u00edas laborables *<\/span><\/li>\n<li style=\"text-align: left;\"><strong><span><u>PRIORITARIO<\/u>,&nbsp;<\/span><\/strong><span>&nbsp;1-3 d\u00edas laborables *<\/span><\/li>\n<li style=\"text-align: left;\"><strong><u>EXPRESS PEN\u00cdNSULA<\/u>:&nbsp;<\/strong> 1-2 d\u00edas laborables *<\/li>\n<li style=\"text-align: left;\"><strong><span><u>URGENTE<\/u>,&nbsp;<\/span><\/strong><span>24-48 horas *<\/span><\/li>\n<li style=\"text-align: left;\"><span><strong><u>Entrega AL D\u00cdA SIGUIENTE<\/u><\/strong>, para pedidos recibidos antes de las 15:00 horas*<\/span><\/li>\n<\/ul>\n<p>* Tiempos de entrega estimados, v\u00e1lidos para Espa\u00f1a peninsular. Baleares, Canarias, Ceuta y Melilla tienen otros tiempos de tr\u00e1nsito. &nbsp;Los plazos de entrega son estimaciones y pueden variar debido a cuestiones log\u00edsticas de las empresas de transporte encargadas de la entrega. &nbsp;<\/p>\n<\/p>\n<p><span style=\"width: 100%;\"><a href=\"https:\/\/www.mercasystems.com\/palomas_blog\/?page_id=2536\" target=\"_blank\" rel=\"noopener noreferrer\"><img data-attachment-id=\"4524\" data-permalink=\"https:\/\/www.mercasystems.com\/palomas_blog\/?attachment_id=4524\" data-orig-file=\"https:\/\/i0.wp.com\/www.mercasystems.com\/palomas_blog\/wp-content\/uploads\/2018\/12\/vip_shipping.jpg?fit=446%2C346&amp;ssl=1\" data-orig-size=\"446,346\" data-comments-opened=\"1\" data-image-meta=\"{&quot;aperture&quot;:&quot;0&quot;,&quot;credit&quot;:&quot;&quot;,&quot;camera&quot;:&quot;&quot;,&quot;caption&quot;:&quot;&quot;,&quot;created_timestamp&quot;:&quot;0&quot;,&quot;copyright&quot;:&quot;&quot;,&quot;focal_length&quot;:&quot;0&quot;,&quot;iso&quot;:&quot;0&quot;,&quot;shutter_speed&quot;:&quot;0&quot;,&quot;title&quot;:&quot;&quot;,&quot;orientation&quot;:&quot;0&quot;}\" data-image-title=\"vip_shipping\" data-image-description=\"\" data-image-caption=\"\" data-medium-file=\"https:\/\/i0.wp.com\/www.mercasystems.com\/palomas_blog\/wp-content\/uploads\/2018\/12\/vip_shipping.jpg?fit=300%2C233&amp;ssl=1\" data-large-file=\"https:\/\/i0.wp.com\/www.mercasystems.com\/palomas_blog\/wp-content\/uploads\/2018\/12\/vip_shipping.jpg?fit=446%2C346&amp;ssl=1\" loading=\"lazy\" alt=\"\" width=\"446\" height=\"346\" title=\"vip_shipping\" data-id=\"4524\" src=\"https:\/\/i0.wp.com\/mercasystems.com\/landing\/servicios\/land_envio_vip.jpg?resize=446%2C346&#038;ssl=1\" style=\"width: 100%;\" scale=\"0\" data-recalc-dims=\"1\"><\/a><\/span><span style=\"width: 100%;\"><img data-attachment-id=\"4538\" data-permalink=\"https:\/\/www.mercasystems.com\/palomas_blog\/?attachment_id=4538\" data-orig-file=\"https:\/\/i0.wp.com\/www.mercasystems.com\/palomas_blog\/wp-content\/uploads\/2018\/12\/land_gratis.jpg?fit=446%2C858&amp;ssl=1\" data-orig-size=\"446,858\" data-comments-opened=\"1\" data-image-meta=\"{&quot;aperture&quot;:&quot;0&quot;,&quot;credit&quot;:&quot;&quot;,&quot;camera&quot;:&quot;&quot;,&quot;caption&quot;:&quot;&quot;,&quot;created_timestamp&quot;:&quot;0&quot;,&quot;copyright&quot;:&quot;&quot;,&quot;focal_length&quot;:&quot;0&quot;,&quot;iso&quot;:&quot;0&quot;,&quot;shutter_speed&quot;:&quot;0&quot;,&quot;title&quot;:&quot;&quot;,&quot;orientation&quot;:&quot;0&quot;}\" data-image-title=\"land_gratis\" data-image-description=\"\" data-image-caption=\"\" data-medium-file=\"https:\/\/i0.wp.com\/www.mercasystems.com\/palomas_blog\/wp-content\/uploads\/2018\/12\/land_gratis.jpg?fit=156%2C300&amp;ssl=1\" data-large-file=\"https:\/\/i0.wp.com\/www.mercasystems.com\/palomas_blog\/wp-content\/uploads\/2018\/12\/land_gratis.jpg?fit=446%2C858&amp;ssl=1\" loading=\"lazy\" alt=\"\" width=\"446\" height=\"858\" title=\"land_gratis\" data-id=\"4538\" src=\"https:\/\/i0.wp.com\/mercasystems.com\/landing\/servicios\/land_envio_tabla.jpg?resize=446%2C858&#038;ssl=1\" style=\"width: 100%;\" scale=\"0\" data-recalc-dims=\"1\"><\/span><\/p>\n<p style=\"text-align: center;\">\u00a9 2019 Mercasystems.com &#8211; All rights Reserved &nbsp;| &nbsp;Pol\u00edtica de Env\u00edos<\/p>\n<p><span style=\"width: 100%;\"><a href=\"https:\/\/palomas.mercasystems.com\"><img loading=\"lazy\" alt=\"\" width=\"300\" height=\"68\" title=\"logo_mercasystems_17.png\" src=\"https:\/\/i0.wp.com\/palomas.mercasystems.com\/skin\/frontend\/base\/default\/images\/logo_mercasystems_17.png?resize=300%2C68\" style=\"width: 100%;\" scale=\"0\" data-recalc-dims=\"1\"><\/a><\/span><\/p>\n","protected":false},"excerpt":{"rendered":"<p>Tarifas y M\u00e9todos de Env\u00edo Los env\u00edosse procesan en el mismo d\u00eda (de lunes a viernes), siempre y cuando se reciba el pago&nbsp;antes de las 18:00 hrs (hora peninsular). Los pedidos pagados por transferencia bancaria pueden demorarse 1-2 d\u00edas, hasta &hellip; <a href=\"https:\/\/www.mercasystems.com\/palomas_blog\/?page_id=4405\">Sigue leyendo <span class=\"meta-nav\">&rarr;<\/span><\/a><\/p>\n","protected":false},"author":2,"featured_media":0,"parent":0,"menu_order":0,"comment_status":"closed","ping_status":"closed","template":"","meta":{"jetpack_post_was_ever_published":false},"yoast_head":"<!-- This site is optimized with the Yoast SEO plugin v19.8 - https:\/\/yoast.com\/wordpress\/plugins\/seo\/ -->\n<title>Shippings ES - Mercasystems.com Blog<\/title>\n<meta name=\"robots\" content=\"index, follow, max-snippet:-1, max-image-preview:large, max-video-preview:-1\" \/>\n<link rel=\"canonical\" href=\"https:\/\/www.mercasystems.com\/palomas_blog\/?page_id=4405\" \/>\n<meta property=\"og:locale\" content=\"es_ES\" \/>\n<meta property=\"og:type\" content=\"article\" \/>\n<meta property=\"og:title\" content=\"Shippings ES - Mercasystems.com Blog\" \/>\n<meta property=\"og:description\" content=\"Tarifas y M\u00e9todos de Env\u00edo Los env\u00edosse procesan en el mismo d\u00eda (de lunes a viernes), siempre y cuando se reciba el pago&nbsp;antes de las 18:00 hrs (hora peninsular). Los pedidos pagados por transferencia bancaria pueden demorarse 1-2 d\u00edas, hasta &hellip; Sigue leyendo &rarr;\" \/>\n<meta property=\"og:url\" content=\"https:\/\/www.mercasystems.com\/palomas_blog\/?page_id=4405\" \/>\n<meta property=\"og:site_name\" content=\"Mercasystems.com Blog\" \/>\n<meta property=\"article:modified_time\" content=\"2019-04-12T11:26:29+00:00\" \/>\n<meta property=\"og:image\" content=\"https:\/\/mercasystems.com\/landing\/servicios\/land_envio_vip.jpg\" \/>\n<meta name=\"twitter:card\" content=\"summary_large_image\" \/>\n<meta name=\"twitter:label1\" content=\"Tiempo de lectura\" \/>\n\t<meta name=\"twitter:data1\" content=\"1 minuto\" \/>\n<script type=\"application\/ld+json\" class=\"yoast-schema-graph\">{\"@context\":\"https:\/\/schema.org\",\"@graph\":[{\"@type\":\"WebPage\",\"@id\":\"https:\/\/www.mercasystems.com\/palomas_blog\/?page_id=4405\",\"url\":\"https:\/\/www.mercasystems.com\/palomas_blog\/?page_id=4405\",\"name\":\"Shippings ES - Mercasystems.com Blog\",\"isPartOf\":{\"@id\":\"https:\/\/www.mercasystems.com\/palomas_blog\/#website\"},\"datePublished\":\"2018-12-18T15:53:51+00:00\",\"dateModified\":\"2019-04-12T11:26:29+00:00\",\"breadcrumb\":{\"@id\":\"https:\/\/www.mercasystems.com\/palomas_blog\/?page_id=4405#breadcrumb\"},\"inLanguage\":\"es\",\"potentialAction\":[{\"@type\":\"ReadAction\",\"target\":[\"https:\/\/www.mercasystems.com\/palomas_blog\/?page_id=4405\"]}]},{\"@type\":\"BreadcrumbList\",\"@id\":\"https:\/\/www.mercasystems.com\/palomas_blog\/?page_id=4405#breadcrumb\",\"itemListElement\":[{\"@type\":\"ListItem\",\"position\":1,\"name\":\"Portada\",\"item\":\"https:\/\/www.mercasystems.com\/palomas_blog\"},{\"@type\":\"ListItem\",\"position\":2,\"name\":\"Shippings ES\"}]},{\"@type\":\"WebSite\",\"@id\":\"https:\/\/www.mercasystems.com\/palomas_blog\/#website\",\"url\":\"https:\/\/www.mercasystems.com\/palomas_blog\/\",\"name\":\"Mercasystems.com Blog\",\"description\":\"Toda la informaci\u00f3n que necesitas saber sobre tus palomas y p\u00e1jaros\",\"potentialAction\":[{\"@type\":\"SearchAction\",\"target\":{\"@type\":\"EntryPoint\",\"urlTemplate\":\"https:\/\/www.mercasystems.com\/palomas_blog\/?s={search_term_string}\"},\"query-input\":\"required name=search_term_string\"}],\"inLanguage\":\"es\"}]}<\/script>\n<!-- \/ Yoast SEO plugin. -->","yoast_head_json":{"title":"Shippings ES - Mercasystems.com Blog","robots":{"index":"index","follow":"follow","max-snippet":"max-snippet:-1","max-image-preview":"max-image-preview:large","max-video-preview":"max-video-preview:-1"},"canonical":"https:\/\/www.mercasystems.com\/palomas_blog\/?page_id=4405","og_locale":"es_ES","og_type":"article","og_title":"Shippings ES - Mercasystems.com Blog","og_description":"Tarifas y M\u00e9todos de Env\u00edo Los env\u00edosse procesan en el mismo d\u00eda (de lunes a viernes), siempre y cuando se reciba el pago&nbsp;antes de las 18:00 hrs (hora peninsular). Los pedidos pagados por transferencia bancaria pueden demorarse 1-2 d\u00edas, hasta &hellip; Sigue leyendo &rarr;","og_url":"https:\/\/www.mercasystems.com\/palomas_blog\/?page_id=4405","og_site_name":"Mercasystems.com Blog","article_modified_time":"2019-04-12T11:26:29+00:00","og_image":[{"url":"https:\/\/mercasystems.com\/landing\/servicios\/land_envio_vip.jpg"}],"twitter_card":"summary_large_image","twitter_misc":{"Tiempo de lectura":"1 minuto"},"schema":{"@context":"https:\/\/schema.org","@graph":[{"@type":"WebPage","@id":"https:\/\/www.mercasystems.com\/palomas_blog\/?page_id=4405","url":"https:\/\/www.mercasystems.com\/palomas_blog\/?page_id=4405","name":"Shippings ES - Mercasystems.com Blog","isPartOf":{"@id":"https:\/\/www.mercasystems.com\/palomas_blog\/#website"},"datePublished":"2018-12-18T15:53:51+00:00","dateModified":"2019-04-12T11:26:29+00:00","breadcrumb":{"@id":"https:\/\/www.mercasystems.com\/palomas_blog\/?page_id=4405#breadcrumb"},"inLanguage":"es","potentialAction":[{"@type":"ReadAction","target":["https:\/\/www.mercasystems.com\/palomas_blog\/?page_id=4405"]}]},{"@type":"BreadcrumbList","@id":"https:\/\/www.mercasystems.com\/palomas_blog\/?page_id=4405#breadcrumb","itemListElement":[{"@type":"ListItem","position":1,"name":"Portada","item":"https:\/\/www.mercasystems.com\/palomas_blog"},{"@type":"ListItem","position":2,"name":"Shippings ES"}]},{"@type":"WebSite","@id":"https:\/\/www.mercasystems.com\/palomas_blog\/#website","url":"https:\/\/www.mercasystems.com\/palomas_blog\/","name":"Mercasystems.com Blog","description":"Toda la informaci\u00f3n que necesitas saber sobre tus palomas y p\u00e1jaros","potentialAction":[{"@type":"SearchAction","target":{"@type":"EntryPoint","urlTemplate":"https:\/\/www.mercasystems.com\/palomas_blog\/?s={search_term_string}"},"query-input":"required name=search_term_string"}],"inLanguage":"es"}]}},"jetpack_sharing_enabled":true,"jetpack_shortlink":"https:\/\/wp.me\/P7JqRk-193","jetpack-related-posts":[{"id":4969,"url":"https:\/\/www.mercasystems.com\/palomas_blog\/?page_id=4969","url_meta":{"origin":4405,"position":0},"title":"Shippings ES_30_PALOMAS","date":"30 marzo, 2020","format":false,"excerpt":"Env\u00edo GRATIS\u00a0a partir de 59\u20ac de pedido (*)(*)\u00a0ENV\u00cdO GRATUITO a partir de 59\u20ac de pedido, sujeto a las condiciones de peso y volumen habituales (s\u00f3lo v\u00e1lido para env\u00edos a Pen\u00ednsula).Tarifas y M\u00e9todos de Env\u00edoLos env\u00edosse procesan en el mismo d\u00eda (de lunes a viernes), siempre y cuando se reciba el\u2026","rel":"","context":"Entrada similar","img":{"alt_text":"","src":"https:\/\/i0.wp.com\/palomas.mercasystems.com\/img_portadas\/land_envio_vip_es.jpg?resize=350%2C200&ssl=1","width":350,"height":200},"classes":[]},{"id":4980,"url":"https:\/\/www.mercasystems.com\/palomas_blog\/?page_id=4980","url_meta":{"origin":4405,"position":1},"title":"Shippings ES_30_PAJAROS","date":"31 marzo, 2020","format":false,"excerpt":"Env\u00edo GRATIS a partir de 59\u20ac de pedido (*)(*) ENV\u00cdO GRATUITO a partir de 59\u20ac de pedido, sujeto a las condiciones de peso y volumen habituales (s\u00f3lo v\u00e1lido para env\u00edos a Pen\u00ednsula)Tarifas y M\u00e9todos de Env\u00edoLos env\u00edosse procesan en el mismo d\u00eda (de lunes a viernes), siempre y cuando se\u2026","rel":"","context":"Entrada similar","img":{"alt_text":"","src":"https:\/\/i0.wp.com\/palomas.mercasystems.com\/img_portadas\/land_envio_vip_es.jpg?resize=350%2C200&ssl=1","width":350,"height":200},"classes":[]},{"id":4225,"url":"https:\/\/www.mercasystems.com\/palomas_blog\/?page_id=4225","url_meta":{"origin":4405,"position":2},"title":"Black Friday 2018 \u2013 ES","date":"8 noviembre, 2018","format":false,"excerpt":"\u00a1Miles de productos a precios incre\u00edbles! Viernes 23 \u00a0- \u00a0Lunes 26\u00a0\u200b4 d\u00edas de OFERTAS DE LOCURA!\u00a0Black\u00a0\u00a0Friday 2018Hasta el\u00a0-75% de Descuento en cientos de productos.Ofertas 3x2 en productos seleccionados.Ofertas Flash por tiempo limitado.Ofertas en marcas destacadas, por tiempo ilimitado. 4 d\u00edas de Ofertas Incre\u00edbles\u00bfTe lo vas a\u00a0perder?...\u00a1La cuenta atr\u00e1s ya ha\u2026","rel":"","context":"Entrada similar","img":{"alt_text":"","src":"https:\/\/i0.wp.com\/mercasystems.com\/black_friday_18\/man_bf.png?resize=350%2C200","width":350,"height":200},"classes":[]},{"id":4333,"url":"https:\/\/www.mercasystems.com\/palomas_blog\/?page_id=4333","url_meta":{"origin":4405,"position":3},"title":"Black Friday 2018 \u2013 US- ES","date":"11 noviembre, 2018","format":false,"excerpt":"\u00a1Miles de productos a precios incre\u00edbles! Jueves 22 \u00a0- \u00a0Lunes 26\u00a0\u200b5 d\u00edas de OFERTAS DE LOCURA!\u00a0Black\u00a0\u00a0Friday 2018Hasta el\u00a0-75% de Descuento en cientos de productos.Ofertas 3x2 en productos seleccionados.Ofertas Flash por tiempo limitado.Ofertas en marcas destacadas, por tiempo ilimitado.\u00a05 d\u00edas de Ofertas Incre\u00edbles\u00bfTe lo vas a\u00a0perder?...\u00a1La cuenta atr\u00e1s ya ha comenzado!Descuentos\u2026","rel":"","context":"Entrada similar","img":{"alt_text":"","src":"https:\/\/i0.wp.com\/mercasystems.com\/black_friday_18\/man_bf_us.png?resize=350%2C200","width":350,"height":200},"classes":[]},{"id":583,"url":"https:\/\/www.mercasystems.com\/palomas_blog\/?page_id=583","url_meta":{"origin":4405,"position":4},"title":"Vanhee &#8211; Sistemas de competici\u00f3n","date":"7 agosto, 2015","format":false,"excerpt":"4. Vanhee SISTEMA DE COMPETICION \u00a0 ESQUEMA DE CR\u00ed\u008dA: 1 SEMANA ANTES DEL EMPAREJAMIENTO \u00a0 DIA AGUA COMIDA Domingo Van Oilemix 10500 Van Vitamin 1000A Lunes Vanisan Nature 15000 Van Energy 13000+ Van Oilemix 10500 Martes Zumo de ajo Whetgerm oil 10000 Brewers Yearst 9000 \u00a0 Miercoles Tea Li\u00adquid 5000A\u2026","rel":"","context":"Entrada similar","img":{"alt_text":"","src":"","width":0,"height":0},"classes":[]},{"id":643,"url":"https:\/\/www.mercasystems.com\/palomas_blog\/?page_id=643","url_meta":{"origin":4405,"position":5},"title":"Programa de pretemporada para palomas de competici\u00f3n","date":"10 agosto, 2015","format":false,"excerpt":"6. Medpet SISTEMA DE COMPETICION MEDPET PROGRAMA DE PRETEMPORADA PARA PALOMAS DE COMPETICI\u00f3N (4 semanas) \u00a0 VIRUELA: Todas las palomas deben ser vacunadas con Medipox al menos 8 semanas antes del contacto con otras palomas. MALARIA: Las palomas que se trataron durante 10 d\u00ed\u00adas consecutivos con Primaquin, comienza 5 semanas\u2026","rel":"","context":"Entrada similar","img":{"alt_text":"","src":"","width":0,"height":0},"classes":[]}],"_links":{"self":[{"href":"https:\/\/www.mercasystems.com\/palomas_blog\/index.php?rest_route=\/wp\/v2\/pages\/4405"}],"collection":[{"href":"https:\/\/www.mercasystems.com\/palomas_blog\/index.php?rest_route=\/wp\/v2\/pages"}],"about":[{"href":"https:\/\/www.mercasystems.com\/palomas_blog\/index.php?rest_route=\/wp\/v2\/types\/page"}],"author":[{"embeddable":true,"href":"https:\/\/www.mercasystems.com\/palomas_blog\/index.php?rest_route=\/wp\/v2\/users\/2"}],"replies":[{"embeddable":true,"href":"https:\/\/www.mercasystems.com\/palomas_blog\/index.php?rest_route=%2Fwp%2Fv2%2Fcomments&post=4405"}],"version-history":[{"count":77,"href":"https:\/\/www.mercasystems.com\/palomas_blog\/index.php?rest_route=\/wp\/v2\/pages\/4405\/revisions"}],"predecessor-version":[{"id":4773,"href":"https:\/\/www.mercasystems.com\/palomas_blog\/index.php?rest_route=\/wp\/v2\/pages\/4405\/revisions\/4773"}],"wp:attachment":[{"href":"https:\/\/www.mercasystems.com\/palomas_blog\/index.php?rest_route=%2Fwp%2Fv2%2Fmedia&parent=4405"}],"curies":[{"name":"wp","href":"https:\/\/api.w.org\/{rel}","templated":true}]}}