{"id":4365,"date":"2018-12-18T15:50:33","date_gmt":"2018-12-18T15:50:33","guid":{"rendered":"https:\/\/www.mercasystems.com\/palomas_blog\/?page_id=4365"},"modified":"2019-04-12T11:26:45","modified_gmt":"2019-04-12T11:26:45","slug":"prueba-reward-points","status":"publish","type":"page","link":"https:\/\/www.mercasystems.com\/palomas_blog\/?page_id=4365","title":{"rendered":"Reward Points ES"},"content":{"rendered":"<p><span style=\"width: 100%;\"><a href=\"https:\/\/palomas.mercasystems.com\"><img loading=\"lazy\" alt=\"\" width=\"300\" height=\"68\" title=\"logo_mercasystems_17.png\" src=\"https:\/\/i0.wp.com\/palomas.mercasystems.com\/skin\/frontend\/base\/default\/images\/logo_mercasystems_17.png?resize=300%2C68\" style=\"width: 100%;\" scale=\"0\" data-recalc-dims=\"1\"><\/a><\/span><\/p>\n<p style=\"text-align: center;\"><strong> <\/strong><\/p>\n<p style=\"text-align: center;\"><strong>Ahorra en cada pedido<\/strong><strong>&nbsp;<\/strong><\/p>\n<p><span style=\"width: 100%;\"><img data-attachment-id=\"4465\" data-permalink=\"https:\/\/www.mercasystems.com\/palomas_blog\/?attachment_id=4465\" data-orig-file=\"https:\/\/i0.wp.com\/www.mercasystems.com\/palomas_blog\/wp-content\/uploads\/2018\/12\/land_reward_02.jpg?fit=543%2C402&amp;ssl=1\" data-orig-size=\"543,402\" data-comments-opened=\"1\" data-image-meta=\"{&quot;aperture&quot;:&quot;0&quot;,&quot;credit&quot;:&quot;&quot;,&quot;camera&quot;:&quot;&quot;,&quot;caption&quot;:&quot;&quot;,&quot;created_timestamp&quot;:&quot;0&quot;,&quot;copyright&quot;:&quot;&quot;,&quot;focal_length&quot;:&quot;0&quot;,&quot;iso&quot;:&quot;0&quot;,&quot;shutter_speed&quot;:&quot;0&quot;,&quot;title&quot;:&quot;&quot;,&quot;orientation&quot;:&quot;0&quot;}\" data-image-title=\"land_reward_02\" data-image-description=\"\" data-image-caption=\"\" data-medium-file=\"https:\/\/i0.wp.com\/www.mercasystems.com\/palomas_blog\/wp-content\/uploads\/2018\/12\/land_reward_02.jpg?fit=300%2C222&amp;ssl=1\" data-large-file=\"https:\/\/i0.wp.com\/www.mercasystems.com\/palomas_blog\/wp-content\/uploads\/2018\/12\/land_reward_02.jpg?fit=543%2C402&amp;ssl=1\" loading=\"lazy\" alt=\"\" width=\"543\" height=\"402\" title=\"land_reward_02\" data-id=\"4465\" src=\"https:\/\/i0.wp.com\/mercasystems.com\/landing\/servicios\/land_reward_main.jpg?resize=543%2C402&#038;ssl=1\" style=\"width: 100%;\" scale=\"0\" data-recalc-dims=\"1\"><\/span><\/p>\n<p style=\"text-align: center;\"><strong> <\/strong><\/p>\n<p style=\"text-align: center;\"><strong>Queremos premiar tu fidelidad<\/strong><\/p>\n<h2><span>En <strong>Mercasystems<\/strong> nos hemos propuesto cuidar y mimar a nuestros clientes y recompensar la fidelidad y confianza que depositan en nosotros una y otra vez. No se nos ha ocurrido mejor manera de hacerlo que devolver a nuestros clientes parte del dinero que se han gastado. Para ello, hemos creado el <strong>Programa de Puntos de Recompensa.<\/strong><\/span><\/h2>\n<p><span style=\"width: 100%;\"><img data-attachment-id=\"4506\" data-permalink=\"https:\/\/www.mercasystems.com\/palomas_blog\/?attachment_id=4506\" data-orig-file=\"https:\/\/i0.wp.com\/www.mercasystems.com\/palomas_blog\/wp-content\/uploads\/2018\/12\/info_reward-2.png?fit=400%2C313&amp;ssl=1\" data-orig-size=\"400,313\" data-comments-opened=\"1\" data-image-meta=\"{&quot;aperture&quot;:&quot;0&quot;,&quot;credit&quot;:&quot;&quot;,&quot;camera&quot;:&quot;&quot;,&quot;caption&quot;:&quot;&quot;,&quot;created_timestamp&quot;:&quot;0&quot;,&quot;copyright&quot;:&quot;&quot;,&quot;focal_length&quot;:&quot;0&quot;,&quot;iso&quot;:&quot;0&quot;,&quot;shutter_speed&quot;:&quot;0&quot;,&quot;title&quot;:&quot;&quot;,&quot;orientation&quot;:&quot;0&quot;}\" data-image-title=\"info_reward\" data-image-description=\"\" data-image-caption=\"\" data-medium-file=\"https:\/\/i0.wp.com\/www.mercasystems.com\/palomas_blog\/wp-content\/uploads\/2018\/12\/info_reward-2.png?fit=300%2C235&amp;ssl=1\" data-large-file=\"https:\/\/i0.wp.com\/www.mercasystems.com\/palomas_blog\/wp-content\/uploads\/2018\/12\/info_reward-2.png?fit=400%2C313&amp;ssl=1\" loading=\"lazy\" alt=\"\" width=\"400\" height=\"313\" title=\"info_reward\" data-id=\"4506\" src=\"https:\/\/i0.wp.com\/mercasystems.com\/landing\/servicios\/land_reward_info.png?resize=400%2C313&#038;ssl=1\" style=\"width: 100%;\" data-recalc-dims=\"1\"><\/span><\/p>\n<h1 style=\"text-align: center;\"><strong>Aprende m\u00e1s sobre los&nbsp;Puntos de Recompensa<\/strong><\/h1>\n<ul>\n<li><span>1<\/span><span><strong><span style=\"font-family: &quot;Montserrat Alternates&quot;; font-weight: 400;\"><strong><span style=\"background-color: rgb(232, 225, 225);\">\u00bfEn qu\u00e9 consiste el sistema de puntos de recompensa?<\/span><\/strong><\/span><\/strong> Es un sistema autom\u00e1tico mediante el cual acumulas puntos de recompensa por cada euro gastado. Estos puntos los puedes canjear en cualquier momento y as\u00ed conseguir jugosos descuentos.<\/span><\/li>\n<li><span>3<\/span><span><strong><span style=\"background-color: rgb(232, 225, 225);\">\u00bfQu\u00e9 tengo que hacer para inscribirme en el sistema de puntos de recompensa?<\/span><\/strong> Nada, es autom\u00e1tico; a partir de ahora, cuando hagas un pedido, autom\u00e1ticamente recibir\u00e1s puntos de recompensa.<\/span><\/li>\n<li><span>4<\/span><span><strong><span style=\"background-color: rgb(232, 225, 225);\">\u00bfTengo que pagar algo para inscribirme en el sistema de puntos de recompensa?<\/span><\/strong> No, es totalmente gratuito.<\/span><\/li>\n<li><span>5<\/span><span><strong><span style=\"background-color: rgb(232, 225, 225);\">\u00bf<\/span><\/strong><strong><span style=\"background-color: rgb(232, 225, 225);\">Cu\u00e1l es el valor de cada punto de recompensa?<\/span>&nbsp;<\/strong>25 PUNTOS = 1 \u20ac . Gasta 1 \u20ac y consigues un punto. Acumula 25 puntos y descuentas 1\u20ac en el siguiente pedido.<\/span><\/li>\n<\/ul>\n<p><span style=\"width: 100%;\"><img data-attachment-id=\"4435\" data-permalink=\"https:\/\/www.mercasystems.com\/palomas_blog\/?attachment_id=4435\" data-orig-file=\"https:\/\/i0.wp.com\/www.mercasystems.com\/palomas_blog\/wp-content\/uploads\/2018\/12\/land_reward_03.jpg?fit=400%2C256&amp;ssl=1\" data-orig-size=\"400,256\" data-comments-opened=\"1\" data-image-meta=\"{&quot;aperture&quot;:&quot;0&quot;,&quot;credit&quot;:&quot;&quot;,&quot;camera&quot;:&quot;&quot;,&quot;caption&quot;:&quot;&quot;,&quot;created_timestamp&quot;:&quot;0&quot;,&quot;copyright&quot;:&quot;&quot;,&quot;focal_length&quot;:&quot;0&quot;,&quot;iso&quot;:&quot;0&quot;,&quot;shutter_speed&quot;:&quot;0&quot;,&quot;title&quot;:&quot;&quot;,&quot;orientation&quot;:&quot;0&quot;}\" data-image-title=\"land_reward_03\" data-image-description=\"\" data-image-caption=\"\" data-medium-file=\"https:\/\/i0.wp.com\/www.mercasystems.com\/palomas_blog\/wp-content\/uploads\/2018\/12\/land_reward_03.jpg?fit=300%2C192&amp;ssl=1\" data-large-file=\"https:\/\/i0.wp.com\/www.mercasystems.com\/palomas_blog\/wp-content\/uploads\/2018\/12\/land_reward_03.jpg?fit=400%2C256&amp;ssl=1\" loading=\"lazy\" alt=\"\" width=\"400\" height=\"256\" title=\"land_reward_03\" data-id=\"4435\" src=\"https:\/\/i0.wp.com\/mercasystems.com\/landing\/servicios\/land_reward_tabla.jpg?resize=400%2C256&#038;ssl=1\" style=\"width: 100%;\" data-recalc-dims=\"1\"><\/span><\/p>\n<h1 style=\"text-align: center;\"><strong>\u00bfC\u00f3mo puedo ganar Puntos de Recompensa?<\/strong><\/h1>\n<ul>\n<li><span>1<\/span><span><strong><u>CUENTA DE USUARIO:<\/u><\/strong><strong>&nbsp;<\/strong>Si te registras en nuestra tienda, y te abres una cuenta de usuario, autom\u00e1ticamente recibir\u00e1s <em><strong>5 puntos de recompensa<\/strong><\/em>.<\/span><\/li>\n<li><span>2<\/span><span><strong><u>COMPRAS:<\/u> <\/strong>Cada vez que realizas un pedido, por cada euro que te gastes te daremos 1 punto de recompensa. <em><strong>Si gastas 100\u20ac, ganas 100 puntos = 4\u20ac<\/strong><\/em><\/span><\/li>\n<li><span>3<\/span><span><strong><u>RESE\u00d1AS DE PRODUCTOS<\/u>: <\/strong>Si haces una rese\u00f1a de un producto y es aprobada, recibir\u00e1s <em><strong>2 puntos.<\/strong><\/em> Como m\u00e1ximo, puedes obtener 4 puntos al d\u00eda con rese\u00f1as.<\/span><\/li>\n<li><span>4<\/span><span><strong><u>ETIQUETADO:<\/u>&nbsp;<\/strong>Por cada producto que etiquetes, recibes <strong><em>1 Punto de recompensa.<\/em><\/strong><\/span><\/li>\n<\/ul>\n<p><span style=\"width: 100%;\"><img data-attachment-id=\"4376\" data-permalink=\"https:\/\/www.mercasystems.com\/palomas_blog\/?attachment_id=4376\" data-orig-file=\"https:\/\/i0.wp.com\/www.mercasystems.com\/palomas_blog\/wp-content\/uploads\/2018\/12\/puntos_landing.jpg?fit=413%2C413&amp;ssl=1\" data-orig-size=\"413,413\" data-comments-opened=\"1\" data-image-meta=\"{&quot;aperture&quot;:&quot;0&quot;,&quot;credit&quot;:&quot;&quot;,&quot;camera&quot;:&quot;&quot;,&quot;caption&quot;:&quot;&quot;,&quot;created_timestamp&quot;:&quot;0&quot;,&quot;copyright&quot;:&quot;&quot;,&quot;focal_length&quot;:&quot;0&quot;,&quot;iso&quot;:&quot;0&quot;,&quot;shutter_speed&quot;:&quot;0&quot;,&quot;title&quot;:&quot;&quot;,&quot;orientation&quot;:&quot;0&quot;}\" data-image-title=\"puntos_landing\" data-image-description=\"\" data-image-caption=\"\" data-medium-file=\"https:\/\/i0.wp.com\/www.mercasystems.com\/palomas_blog\/wp-content\/uploads\/2018\/12\/puntos_landing.jpg?fit=300%2C300&amp;ssl=1\" data-large-file=\"https:\/\/i0.wp.com\/www.mercasystems.com\/palomas_blog\/wp-content\/uploads\/2018\/12\/puntos_landing.jpg?fit=413%2C413&amp;ssl=1\" loading=\"lazy\" alt=\"\" width=\"413\" height=\"413\" title=\"puntos_landing\" data-id=\"4376\" src=\"https:\/\/i0.wp.com\/mercasystems.com\/landing\/servicios\/land_reward_girl.jpg?resize=413%2C413&#038;ssl=1\" style=\"width: 100%;\" scale=\"0\" data-recalc-dims=\"1\"><\/span><\/p>\n<p style=\"text-align: center;\">\u00a9 2019 Mercasystems.com &#8211; All rights Reserved &nbsp;| &nbsp;Puntos de Recompensa<\/p>\n<p><span style=\"width: 100%;\"><a href=\"https:\/\/palomas.mercasystems.com\"><img loading=\"lazy\" alt=\"\" width=\"300\" height=\"68\" title=\"logo_mercasystems_17.png\" src=\"https:\/\/i0.wp.com\/palomas.mercasystems.com\/skin\/frontend\/base\/default\/images\/logo_mercasystems_17.png?resize=300%2C68\" style=\"width: 100%;\" scale=\"0\" data-recalc-dims=\"1\"><\/a><\/span><\/p>\n","protected":false},"excerpt":{"rendered":"<p>Ahorra en cada pedido&nbsp; Queremos premiar tu fidelidad En Mercasystems nos hemos propuesto cuidar y mimar a nuestros clientes y recompensar la fidelidad y confianza que depositan en nosotros una y otra vez. No se nos ha ocurrido mejor manera &hellip; <a href=\"https:\/\/www.mercasystems.com\/palomas_blog\/?page_id=4365\">Sigue leyendo <span class=\"meta-nav\">&rarr;<\/span><\/a><\/p>\n","protected":false},"author":2,"featured_media":0,"parent":0,"menu_order":0,"comment_status":"closed","ping_status":"closed","template":"","meta":{"jetpack_post_was_ever_published":false},"yoast_head":"<!-- This site is optimized with the Yoast SEO plugin v19.8 - https:\/\/yoast.com\/wordpress\/plugins\/seo\/ -->\n<title>Reward Points ES - Mercasystems.com Blog<\/title>\n<meta name=\"robots\" content=\"index, follow, max-snippet:-1, max-image-preview:large, max-video-preview:-1\" \/>\n<link rel=\"canonical\" href=\"https:\/\/www.mercasystems.com\/palomas_blog\/?page_id=4365\" \/>\n<meta property=\"og:locale\" content=\"es_ES\" \/>\n<meta property=\"og:type\" content=\"article\" \/>\n<meta property=\"og:title\" content=\"Reward Points ES - Mercasystems.com Blog\" \/>\n<meta property=\"og:description\" content=\"Ahorra en cada pedido&nbsp; Queremos premiar tu fidelidad En Mercasystems nos hemos propuesto cuidar y mimar a nuestros clientes y recompensar la fidelidad y confianza que depositan en nosotros una y otra vez. No se nos ha ocurrido mejor manera &hellip; Sigue leyendo &rarr;\" \/>\n<meta property=\"og:url\" content=\"https:\/\/www.mercasystems.com\/palomas_blog\/?page_id=4365\" \/>\n<meta property=\"og:site_name\" content=\"Mercasystems.com Blog\" \/>\n<meta property=\"article:modified_time\" content=\"2019-04-12T11:26:45+00:00\" \/>\n<meta property=\"og:image\" content=\"https:\/\/mercasystems.com\/landing\/servicios\/land_reward_main.jpg\" \/>\n<meta name=\"twitter:card\" content=\"summary_large_image\" \/>\n<meta name=\"twitter:label1\" content=\"Tiempo de lectura\" \/>\n\t<meta name=\"twitter:data1\" content=\"1 minuto\" \/>\n<script type=\"application\/ld+json\" class=\"yoast-schema-graph\">{\"@context\":\"https:\/\/schema.org\",\"@graph\":[{\"@type\":\"WebPage\",\"@id\":\"https:\/\/www.mercasystems.com\/palomas_blog\/?page_id=4365\",\"url\":\"https:\/\/www.mercasystems.com\/palomas_blog\/?page_id=4365\",\"name\":\"Reward Points ES - Mercasystems.com Blog\",\"isPartOf\":{\"@id\":\"https:\/\/www.mercasystems.com\/palomas_blog\/#website\"},\"datePublished\":\"2018-12-18T15:50:33+00:00\",\"dateModified\":\"2019-04-12T11:26:45+00:00\",\"breadcrumb\":{\"@id\":\"https:\/\/www.mercasystems.com\/palomas_blog\/?page_id=4365#breadcrumb\"},\"inLanguage\":\"es\",\"potentialAction\":[{\"@type\":\"ReadAction\",\"target\":[\"https:\/\/www.mercasystems.com\/palomas_blog\/?page_id=4365\"]}]},{\"@type\":\"BreadcrumbList\",\"@id\":\"https:\/\/www.mercasystems.com\/palomas_blog\/?page_id=4365#breadcrumb\",\"itemListElement\":[{\"@type\":\"ListItem\",\"position\":1,\"name\":\"Portada\",\"item\":\"https:\/\/www.mercasystems.com\/palomas_blog\"},{\"@type\":\"ListItem\",\"position\":2,\"name\":\"Reward Points ES\"}]},{\"@type\":\"WebSite\",\"@id\":\"https:\/\/www.mercasystems.com\/palomas_blog\/#website\",\"url\":\"https:\/\/www.mercasystems.com\/palomas_blog\/\",\"name\":\"Mercasystems.com Blog\",\"description\":\"Toda la informaci\u00f3n que necesitas saber sobre tus palomas y p\u00e1jaros\",\"potentialAction\":[{\"@type\":\"SearchAction\",\"target\":{\"@type\":\"EntryPoint\",\"urlTemplate\":\"https:\/\/www.mercasystems.com\/palomas_blog\/?s={search_term_string}\"},\"query-input\":\"required name=search_term_string\"}],\"inLanguage\":\"es\"}]}<\/script>\n<!-- \/ Yoast SEO plugin. -->","yoast_head_json":{"title":"Reward Points ES - Mercasystems.com Blog","robots":{"index":"index","follow":"follow","max-snippet":"max-snippet:-1","max-image-preview":"max-image-preview:large","max-video-preview":"max-video-preview:-1"},"canonical":"https:\/\/www.mercasystems.com\/palomas_blog\/?page_id=4365","og_locale":"es_ES","og_type":"article","og_title":"Reward Points ES - Mercasystems.com Blog","og_description":"Ahorra en cada pedido&nbsp; Queremos premiar tu fidelidad En Mercasystems nos hemos propuesto cuidar y mimar a nuestros clientes y recompensar la fidelidad y confianza que depositan en nosotros una y otra vez. No se nos ha ocurrido mejor manera &hellip; Sigue leyendo &rarr;","og_url":"https:\/\/www.mercasystems.com\/palomas_blog\/?page_id=4365","og_site_name":"Mercasystems.com Blog","article_modified_time":"2019-04-12T11:26:45+00:00","og_image":[{"url":"https:\/\/mercasystems.com\/landing\/servicios\/land_reward_main.jpg"}],"twitter_card":"summary_large_image","twitter_misc":{"Tiempo de lectura":"1 minuto"},"schema":{"@context":"https:\/\/schema.org","@graph":[{"@type":"WebPage","@id":"https:\/\/www.mercasystems.com\/palomas_blog\/?page_id=4365","url":"https:\/\/www.mercasystems.com\/palomas_blog\/?page_id=4365","name":"Reward Points ES - Mercasystems.com Blog","isPartOf":{"@id":"https:\/\/www.mercasystems.com\/palomas_blog\/#website"},"datePublished":"2018-12-18T15:50:33+00:00","dateModified":"2019-04-12T11:26:45+00:00","breadcrumb":{"@id":"https:\/\/www.mercasystems.com\/palomas_blog\/?page_id=4365#breadcrumb"},"inLanguage":"es","potentialAction":[{"@type":"ReadAction","target":["https:\/\/www.mercasystems.com\/palomas_blog\/?page_id=4365"]}]},{"@type":"BreadcrumbList","@id":"https:\/\/www.mercasystems.com\/palomas_blog\/?page_id=4365#breadcrumb","itemListElement":[{"@type":"ListItem","position":1,"name":"Portada","item":"https:\/\/www.mercasystems.com\/palomas_blog"},{"@type":"ListItem","position":2,"name":"Reward Points ES"}]},{"@type":"WebSite","@id":"https:\/\/www.mercasystems.com\/palomas_blog\/#website","url":"https:\/\/www.mercasystems.com\/palomas_blog\/","name":"Mercasystems.com Blog","description":"Toda la informaci\u00f3n que necesitas saber sobre tus palomas y p\u00e1jaros","potentialAction":[{"@type":"SearchAction","target":{"@type":"EntryPoint","urlTemplate":"https:\/\/www.mercasystems.com\/palomas_blog\/?s={search_term_string}"},"query-input":"required name=search_term_string"}],"inLanguage":"es"}]}},"jetpack_sharing_enabled":true,"jetpack_shortlink":"https:\/\/wp.me\/P7JqRk-18p","jetpack-related-posts":[{"id":4866,"url":"https:\/\/www.mercasystems.com\/palomas_blog\/?page_id=4866","url_meta":{"origin":4365,"position":0},"title":"Reward Points US-ES","date":"20 mayo, 2019","format":false,"excerpt":"Ahorra en cada pedido\u00a0 Queremos premiar tu fidelidadEn Mercasystems nos hemos propuesto cuidar y mimar a nuestros clientes y recompensar la fidelidad y confianza que depositan en nosotros una y otra vez. No se nos ha ocurrido mejor manera de hacerlo que devolver a nuestros clientes parte del dinero que\u2026","rel":"","context":"Entrada similar","img":{"alt_text":"","src":"https:\/\/i0.wp.com\/mercasystems.com\/landing\/servicios\/land_reward_main.jpg?resize=350%2C200&ssl=1","width":350,"height":200},"classes":[]},{"id":2536,"url":"https:\/\/www.mercasystems.com\/palomas_blog\/?page_id=2536","url_meta":{"origin":4365,"position":1},"title":"Nueva Cuenta VIP es","date":"18 diciembre, 2017","format":false,"excerpt":"\u203a \u00a0\ufeffContacto\ufeff\u00a0\u00a0\ufeff\u00a0\u00a0\u203a\ufeff \u00a0\ufeffHomeNueva Cuenta VIP \u00a0Cons\u00edguela ahora mismo y comienza a disfrutarlaHazte VIP ahora mismo\u00a0y \ufeffconsigue\ufeff:\u00a0 \u00a0\u2713\u00a0 Env\u00edos Gratis ilimitados durante todo 1 a\u00f1o\u00a0 \u00a0\u2713\u00a0 Ofertas y descuentos exclusivos para clientes VIPs\u00a0\u00a0 \u00a0\u2713\u00a0 1 Plan Personalizado Gratis (valorado en 20\u20ac)\u00a0 \u00a0\u2713 \u00a0Acceso directo a nuestro \ufeffequipo\ufeff de expertosNo esperes m\u00e1s\u2026","rel":"","context":"Entrada similar","img":{"alt_text":"","src":"https:\/\/i0.wp.com\/www.mercasystems.com\/palomas_blog\/wp-content\/uploads\/2017\/12\/lanind_imagen.jpg?resize=350%2C200","width":350,"height":200},"classes":[]},{"id":2907,"url":"https:\/\/www.mercasystems.com\/palomas_blog\/?page_id=2907","url_meta":{"origin":4365,"position":2},"title":"Nueva Cuenta VIP PT","date":"6 febrero, 2018","format":false,"excerpt":"\u203a \u00a0\ufeffContacto\ufeff\u00a0\u00a0\ufeff\u00a0\u00a0\u203a\ufeff \u00a0\ufeffHomeNova Conta VIP \u00a0Adira j\u00e1 e\u00a0obtenha todas as nossas\u00a0vantagensSeja VIP agora e ganhe\ufeff:\u00a0 \u00a0\u2713\u00a0 Envios Gratuitos ilimitados por 1 ano\u00a0 \u00a0\u2713\u00a0 Ofertas e descontos exclusivos aos clientes VIP\u00a0 \u00a0\u2713\u00a0 1 Plano Personalizado Gr\u00e1tis (avaliado em\u00a020\u20ac)\u00a0 \u00a0\u2713 \u00a0Acesso direto a nossa \ufeffequipa\ufeff de especialistas.N\u00e3o demore mais tempo e seja\u00a0VIPR\u00e1pido!\u2026","rel":"","context":"Entrada similar","img":{"alt_text":"","src":"https:\/\/i0.wp.com\/www.mercasystems.com\/palomas_blog\/wp-content\/uploads\/2018\/02\/land_pt_man.jpg?resize=350%2C200","width":350,"height":200},"classes":[]},{"id":4697,"url":"https:\/\/www.mercasystems.com\/palomas_blog\/?page_id=4697","url_meta":{"origin":4365,"position":3},"title":"Reward Points PT","date":"21 febrero, 2019","format":false,"excerpt":"Poupe em cada encomenda\u00a0 Queremos premiar a sua fidelidadeNa\u00a0Mercasystems,\u00a0estamos empenhados em cuidar e mimar os nossos clientes e recompensar a fidelidade e confian\u00e7a que depositam em n\u00f3s, uma e outra vez. A melhor maneira que encontramos de o fazer; foi devolvendo aos nossos clientes parte do dinheiro gasto. Para isso,\u2026","rel":"","context":"Entrada similar","img":{"alt_text":"","src":"https:\/\/i0.wp.com\/www.mercasystems.com\/palomas_blog\/wp-content\/uploads\/2019\/02\/land_reward_main_pt.jpg?resize=350%2C200&ssl=1","width":350,"height":200},"classes":[]},{"id":4225,"url":"https:\/\/www.mercasystems.com\/palomas_blog\/?page_id=4225","url_meta":{"origin":4365,"position":4},"title":"Black Friday 2018 \u2013 ES","date":"8 noviembre, 2018","format":false,"excerpt":"\u00a1Miles de productos a precios incre\u00edbles! Viernes 23 \u00a0- \u00a0Lunes 26\u00a0\u200b4 d\u00edas de OFERTAS DE LOCURA!\u00a0Black\u00a0\u00a0Friday 2018Hasta el\u00a0-75% de Descuento en cientos de productos.Ofertas 3x2 en productos seleccionados.Ofertas Flash por tiempo limitado.Ofertas en marcas destacadas, por tiempo ilimitado. 4 d\u00edas de Ofertas Incre\u00edbles\u00bfTe lo vas a\u00a0perder?...\u00a1La cuenta atr\u00e1s ya ha\u2026","rel":"","context":"Entrada similar","img":{"alt_text":"","src":"https:\/\/i0.wp.com\/mercasystems.com\/black_friday_18\/man_bf.png?resize=350%2C200","width":350,"height":200},"classes":[]},{"id":4256,"url":"https:\/\/www.mercasystems.com\/palomas_blog\/?page_id=4256","url_meta":{"origin":4365,"position":5},"title":"Black Friday 2018 \u2013 PT","date":"6 noviembre, 2018","format":false,"excerpt":"\u00a1Milhares de Produtos a\u00a0Pre\u00e7os Inacredit\u00e1veis! Sexta-feira 23 \u00a0 \u00a0 - \u00a0 \u00a0 Segunda-feira 26\u00a0\u200b4 dias de LOUCURA!!\u00a0Black\u00a0\u00a0Friday 2018Descontos at\u00e9 -75%\u00a0em Centenas de Produtos.Ofertas 3x2 em Produtos Seleccionados.Ofertas Flash por Tempo Limitado.Ofertas em Marcas Reconhecidas, por Tempo Limitado.\u00a04 dias de Ofertas Inacredit\u00e1veisVai perder esta Oportunidade?...A Contagem decrescente j\u00e1 come\u00e7ou!!Descontos n\u00e3o acumul\u00e1veis\u2026","rel":"","context":"Entrada similar","img":{"alt_text":"","src":"https:\/\/i0.wp.com\/mercasystems.com\/black_friday_18\/man_bf.png?resize=350%2C200","width":350,"height":200},"classes":[]}],"_links":{"self":[{"href":"https:\/\/www.mercasystems.com\/palomas_blog\/index.php?rest_route=\/wp\/v2\/pages\/4365"}],"collection":[{"href":"https:\/\/www.mercasystems.com\/palomas_blog\/index.php?rest_route=\/wp\/v2\/pages"}],"about":[{"href":"https:\/\/www.mercasystems.com\/palomas_blog\/index.php?rest_route=\/wp\/v2\/types\/page"}],"author":[{"embeddable":true,"href":"https:\/\/www.mercasystems.com\/palomas_blog\/index.php?rest_route=\/wp\/v2\/users\/2"}],"replies":[{"embeddable":true,"href":"https:\/\/www.mercasystems.com\/palomas_blog\/index.php?rest_route=%2Fwp%2Fv2%2Fcomments&post=4365"}],"version-history":[{"count":90,"href":"https:\/\/www.mercasystems.com\/palomas_blog\/index.php?rest_route=\/wp\/v2\/pages\/4365\/revisions"}],"predecessor-version":[{"id":4774,"href":"https:\/\/www.mercasystems.com\/palomas_blog\/index.php?rest_route=\/wp\/v2\/pages\/4365\/revisions\/4774"}],"wp:attachment":[{"href":"https:\/\/www.mercasystems.com\/palomas_blog\/index.php?rest_route=%2Fwp%2Fv2%2Fmedia&parent=4365"}],"curies":[{"name":"wp","href":"https:\/\/api.w.org\/{rel}","templated":true}]}}