{"id":1156,"date":"2017-06-01T22:06:08","date_gmt":"2017-06-01T22:06:08","guid":{"rendered":"http:\/\/www.mercasystems.com\/palomas_blog\/?page_id=1156"},"modified":"2018-05-21T10:02:07","modified_gmt":"2018-05-21T10:02:07","slug":"formulario-registro-10-pajaros-2","status":"publish","type":"page","link":"https:\/\/www.mercasystems.com\/palomas_blog\/?page_id=1156","title":{"rendered":"Formulario registro 10% P\u00e1jaros"},"content":{"rendered":"<div class=\"tve-leads-shortcode tve-leads-triggered tve-tl-anim tl-anim-instant tve-leads-track-shortcode_1155\"><div class=\"tl-style\" id=\"tve_two_set\" data-state=\"5\" data-form-state=\"\"><style type=\"text\/css\" class=\"tve_custom_style\">@media (min-width:300px){[data-css=\"tve-u-135f0ed9305832d\"]{max-width:58.2%;}[data-css=\"tve-u-125f0ed930582e3\"]{max-width:41.8%;}[data-css=\"tve-u-55f0ed930580f5\"]{line-height:1.05em !important;}[data-css=\"tve-u-25f0ed9305801f\"]{line-height:1.05em !important;}[data-css=\"tve-u-85f0ed930581c6\"]{line-height:1em !important;}[data-css=\"tve-u-175f0ed93058444\"]{margin-bottom:-12px !important;margin-top:-21px !important;}:not(#tve) [data-css=\"tve-u-155f0ed930583b8\"]{font-size:16px !important;}:not(#tve) [data-css=\"tve-u-105f0ed93058251\"]{font-size:15px !important;}[data-css=\"tve-u-15f0ed93057fc7\"]{margin-bottom:-18px !important;padding-bottom:7px !important;}:not(#tve) [data-css=\"tve-u-55f0ed930580f5\"]{font-size:20px !important;}[data-css=\"tve-u-05f0ed93057f68\"]{width:117px;}[data-css=\"tve-u-165f0ed930583fe\"]{color:rgb(12,163,31) !important;}[data-css=\"tve-u-115f0ed93058297\"]{max-width:760px;margin-top:-18px !important;}[data-css=\"tve-u-145f0ed93058373\"]{float:none;z-index:3;position:relative;padding-top:0px !important;margin-left:auto !important;margin-right:auto !important;padding-bottom:0px !important;}[data-css=\"tve-u-35f0ed93058069\"]{font-weight:600 !important;}:not(#tve) [data-css=\"tve-u-25f0ed9305801f\"]{font-size:26px !important;}:not(#tve) [data-css=\"tve-u-185f0ed93058489\"]{font-size:10px !important;color:rgb(177,164,164) !important;}[data-css=\"tve-u-175f0ed93058444\"] .tve_sep{background-image:url(\"data:image\/svg+xml;charset=utf8,%3Csvg version='1.1' xmlns='http:\/\/www.w3.org\/2000\/svg' xmlns:xlink='http:\/\/www.w3.org\/1999\/xlink' x='0px' y='0px' viewBox='0 0 9 3' style='enable-background:new 0 0 9 3;' xml:space='preserve'%3E%3Ccircle fill='rgb(66,66,66)' cx='4.5' cy='1.5' r='1.5'\/%3E%3C\/svg%3E\");height:4px;background-size:4px 4px;}[data-css=\"tve-u-95f0ed9305820c\"]{float:none;z-index:3;position:relative;max-width:760px;padding-top:0px !important;margin-left:auto !important;margin-right:auto !important;margin-top:-14px !important;padding-bottom:0px !important;}}<\/style><div class=\"tve-leads-conversion-object\" data-tl-type=\"shortcode_1155\"><div class=\"tve_flt\"><div id=\"tve_editor\" class=\"tve_shortcode_editor\"><div class=\"thrv-leads-form-box tve_no_drag tve_no_icons tve_element_hover thrv_wrapper tve_editor_main_content tve_two_set tve_white tve_empty_dropzone tve_clearfix tve_brdr_none\"><div class=\"thrv_wrapper thrv_columns tve_clearfix\"><div class=\"tve_colm tve_foc tve_df tve_ofo tve_empty_dropzone\"><div style=\"\" class=\"thrv_wrapper tve_image_caption aligncenter\" data-css=\"tve-u-05f0ed93057f68\"><span class=\"tve_image_frame\" style=\"width: 100%;\"><img class=\"tve_image\" src=\"https:\/\/i0.wp.com\/www.mercasystems.com\/palomas_blog\/wp-content\/uploads\/2017\/05\/imagen-newsletter.jpg?resize=142%2C141\" style=\"\" width=\"142\" height=\"141\" data-attachment-id=\"1136\" scale=\"0\" data-recalc-dims=\"1\"><\/span><\/div><\/div><div class=\"tve_colm tve_tfo tve_df tve_lst tve_empty_dropzone\"><div class=\"thrv_wrapper thrv_text_element tve_empty_dropzone\" data-css=\"tve-u-15f0ed93057fc7\"><h2 data-css=\"tve-u-25f0ed9305801f\" style=\"color: rgb(120, 172, 73); font-size: 32px; margin-top: 0px; margin-bottom: 0px; text-align: left;\" class=\"\"><span data-css=\"tve-u-35f0ed93058069\" style=\"font-weight: 600;\"><span class=\"tve_custom_font_size\" data-css=\"tve-u-45f0ed930580af\">Reg\u00edstrate ahora y consigue<\/span><\/span><\/h2><h2 class=\"bold_text\" data-css=\"tve-u-55f0ed930580f5\" style=\"color: rgb(51, 51, 51); margin-top: 0px; margin-bottom: 20px; text-align: left;\"><span class=\"tve_custom_font_size\" data-css=\"tve-u-65f0ed9305813b\"><span class=\"bold_text\" data-css=\"tve-u-75f0ed93058180\">\ufeff\ufeff\ufeff\ufeff\ufeff\ufeff10% de descuento<\/span>\ufeff\ufeff\ufeff\ufeff\ufeff\ufeff\ufeff \ufeff\ufeffen tu primera compra\ufeff.<\/span><\/h2><p style=\"color: #999999; font-size: 18px; line-height: 25px;margin-top: 0;\"><\/p><\/div><div class=\"thrv_paste_content thrv_wrapper tve_empty_dropzone\"><div class=\"thrv_wrapper thrv_text_element tve_empty_dropzone\"><p data-css=\"tve-u-85f0ed930581c6\" style=\"text-align: left;\"><label>Y adem\u00e1s, recibir\u00e1s<\/label>: <span class=\"bold_text\"><span class=\"tve_custom_font_size\" style=\"font-size: 16px;\">Novedades, Promociones especiales, Muestras gratuitas, Cat\u00e1logos de productos...<\/span><\/span><\/p><\/div><\/div><\/div><\/div><div class=\"thrv_wrapper thrv_text_element tve_empty_dropzone\" data-css=\"tve-u-95f0ed9305820c\"><p data-css=\"tve-u-105f0ed93058251\" style=\"text-align: left;\">Indica que tipo de informaci\u00f3n quieres recibir:<\/p><\/div><div data-tve-style=\"1\" class=\"thrv_wrapper thrv_lead_generation tve_clearfix tve_green tve_18\" data-inputs-count=\"18\" style=\"margin-bottom: 0px;\" data-tve-version=\"1\" data-connection=\"custom-html\" data-css=\"tve-u-115f0ed93058297\"><div style=\"display: none;\" class=\"thrv_lead_generation_code\"><\/div><input type=\"hidden\" class=\"tve-lg-err-msg\" value=\"{&quot;email&quot;:&quot;Por favor, introduzca su email correctamente&quot;,&quot;phone&quot;:&quot;Debes aceptar la pol\u00edtica de privacidad&quot;,&quot;required&quot;:&quot;Debes aceptar la pol\u00edtica de privacidad&quot;,&quot;password&quot;:&quot;Debes aceptar la pol\u00edtica de privacidad&quot;,&quot;passwordmismatch&quot;:&quot;Debes aceptar la pol\u00edtica de privacidad&quot;}\"><div class=\"thrv_lead_generation_container tve_clearfix\"><form method=\"post\" action=\"#\" novalidate=\"novalidate\"><input type=\"hidden\" class=\"tve-f-a-hidden\" value=\"https:\/\/mercasystems.activehosted.com\/proc.php\"><input id=\"u\" type=\"hidden\" name=\"u\" value=\"23\"><input id=\"f\" type=\"hidden\" name=\"f\" value=\"23\"><input id=\"s\" type=\"hidden\" name=\"s\" value=\"\"><input id=\"c\" type=\"hidden\" name=\"c\" value=\"0\"><input id=\"m\" type=\"hidden\" name=\"m\" value=\"0\"><input id=\"act\" type=\"hidden\" name=\"act\" value=\"sub\"><input id=\"v\" type=\"hidden\" name=\"v\" value=\"2\"><input id=\"field[12][]\" type=\"hidden\" name=\"field[12][]\" value=\"~|\"><input id=\"field[13][]\" type=\"hidden\" name=\"field[13][]\" value=\"~|\"><input id=\"field[8][]\" type=\"hidden\" name=\"field[8][]\" value=\"~|\"><div class=\"tve_lead_generated_inputs_container tve_empty_dropzone\"><div class=\"tve_lg_input_container tve_clearfix tve_lg_checkbox\"><div class=\"tve_lg_checkbox_wrapper\"><input name=\"field[13][]\" id=\"field_13P\u00e1jaros\" type=\"checkbox\" placeholder=\"field[13][]\" value=\"P\u00e1jaros\" label=\"P\u00e1jaros\" data-required=\"1\" data-placeholder=\"field[13][]\"><label for=\"field_13P\u00e1jaros\"><span class=\"thrv-inline-text\">Palomas<\/span><\/label><\/div><div class=\"tve_lg_checkbox_wrapper\"><input name=\"field[13][]\" id=\"field_13P\u00e1jaros\" type=\"checkbox\" placeholder=\"field[13][]\" value=\"P\u00e1jaros\" label=\"P\u00e1jaros\" data-required=\"1\" data-placeholder=\"field[13][]\"><label for=\"field_13P\u00e1jaros\"><span class=\"thrv-inline-text\">P\u00e1jaros<\/span><\/label><\/div><\/div><div class=\"tve_lg_input_container tve_lg_input\"><input name=\"fullname\" id=\"\" type=\"text\" placeholder=\"Escribe tu nombre (sin apellidos)\" value=\"\"><\/div><div class=\"tve_lg_input_container tve_lg_input\"><input name=\"email\" type=\"text\" placeholder=\"Escribe tu email\" value=\"\" required=\"required\" data-required=\"1\" data-validation=\"email\"><\/div><div class=\"thrv_wrapper thrv-columns\"><div class=\"tcb-flex-row tcb--cols--2 tcb-resized\"><div class=\"tcb-flex-col\" data-css=\"tve-u-125f0ed930582e3\" style=\"\"><div class=\"tcb-col tve_empty_dropzone\"><div class=\"tve_lg_input_container tve_clearfix tve_lg_checkbox\"><div class=\"tve_lg_checkbox_wrapper\"><input name=\"field[8][]\" id=\"field_8Acepto la pol\u00edtica de privacidad\" type=\"checkbox\" placeholder=\"field[8][]\" value=\"Acepto la pol\u00edtica de privacidad\" label=\"Acepto la pol\u00edtica de privacidad*\" data-required=\"1\" data-placeholder=\"field[8][]\"><label for=\"field_8Acepto la pol\u00edtica de privacidad\"><span class=\"thrv-inline-text\">Acepto la pol\u00edtica de privacidad<\/span><\/label><\/div><\/div><\/div><\/div><div class=\"tcb-flex-col\" data-css=\"tve-u-135f0ed9305832d\" style=\"\"><div class=\"tcb-col tve_empty_dropzone\"><div class=\"tve_lg_input_container tve_submit_container tve_lg_submit\"><button type=\"submit\" class=\"\">Registrarse<\/button><\/div><\/div><\/div><\/div><\/div><\/div><div style=\"display: none;\"><\/div><\/form><\/div><\/div><div class=\"thrv_wrapper thrv_text_element tve_empty_dropzone\" data-css=\"tve-u-145f0ed93058373\"><p data-css=\"tve-u-155f0ed930583b8\" style=\"text-align: left;\">Debes aceptar la <a href=\"http:\/\/pajaros.mercasystems.com\/index.php\/politica-privacidad\/\" target=\"_blank\"><span data-css=\"tve-u-165f0ed930583fe\" style=\"color: rgb(12, 163, 31);\">Pol\u00edtica de Privacidad<\/span><\/a><\/p><\/div><div class=\"thrv_wrapper thrv-divider\" data-style=\"tve_sep-2\" data-thickness=\"4\" data-color=\"rgb(66, 66, 66)\" data-css=\"tve-u-175f0ed93058444\"><hr class=\"tve_sep tve_sep-2\"><\/div><div class=\"thrv_wrapper thrv_text_element tve_empty_dropzone\"><p data-css=\"tve-u-185f0ed93058489\"><strong>La Sociedad es el responsable del tratamiento de los datos de car\u00e1cter personal que se traten a trav\u00e9s de esta p\u00e1gina web y sus subdominios (Mercasystems). Puedes consultar la informaci\u00f3n relativa a la sociedad que gestiona el Sitio Web (Mercasystems.com) visitando al Aviso Legal que aparece al pie de la p\u00e1gina principal. En la presente cl\u00e1usula se facilita la informaci\u00f3n sobre el uso que realizar\u00e1 la Sociedad de tus datos personales.<\/strong><\/p><\/div><\/div><\/div><\/div><\/div><\/div><\/div>\n","protected":false},"excerpt":{"rendered":"","protected":false},"author":2,"featured_media":0,"parent":0,"menu_order":0,"comment_status":"closed","ping_status":"closed","template":"","meta":{"jetpack_post_was_ever_published":false},"yoast_head":"<!-- This site is optimized with the Yoast SEO plugin v19.8 - https:\/\/yoast.com\/wordpress\/plugins\/seo\/ -->\n<title>Formulario registro 10% P\u00e1jaros - Mercasystems.com Blog<\/title>\n<meta name=\"robots\" content=\"index, follow, max-snippet:-1, max-image-preview:large, max-video-preview:-1\" \/>\n<link rel=\"canonical\" href=\"https:\/\/www.mercasystems.com\/palomas_blog\/?page_id=1156\" \/>\n<meta property=\"og:locale\" content=\"es_ES\" \/>\n<meta property=\"og:type\" content=\"article\" \/>\n<meta property=\"og:title\" content=\"Formulario registro 10% P\u00e1jaros - Mercasystems.com Blog\" \/>\n<meta property=\"og:url\" content=\"https:\/\/www.mercasystems.com\/palomas_blog\/?page_id=1156\" \/>\n<meta property=\"og:site_name\" content=\"Mercasystems.com Blog\" \/>\n<meta property=\"article:modified_time\" content=\"2018-05-21T10:02:07+00:00\" \/>\n<meta name=\"twitter:card\" content=\"summary_large_image\" \/>\n<script type=\"application\/ld+json\" class=\"yoast-schema-graph\">{\"@context\":\"https:\/\/schema.org\",\"@graph\":[{\"@type\":\"WebPage\",\"@id\":\"https:\/\/www.mercasystems.com\/palomas_blog\/?page_id=1156\",\"url\":\"https:\/\/www.mercasystems.com\/palomas_blog\/?page_id=1156\",\"name\":\"Formulario registro 10% P\u00e1jaros - Mercasystems.com Blog\",\"isPartOf\":{\"@id\":\"https:\/\/www.mercasystems.com\/palomas_blog\/#website\"},\"datePublished\":\"2017-06-01T22:06:08+00:00\",\"dateModified\":\"2018-05-21T10:02:07+00:00\",\"breadcrumb\":{\"@id\":\"https:\/\/www.mercasystems.com\/palomas_blog\/?page_id=1156#breadcrumb\"},\"inLanguage\":\"es\",\"potentialAction\":[{\"@type\":\"ReadAction\",\"target\":[\"https:\/\/www.mercasystems.com\/palomas_blog\/?page_id=1156\"]}]},{\"@type\":\"BreadcrumbList\",\"@id\":\"https:\/\/www.mercasystems.com\/palomas_blog\/?page_id=1156#breadcrumb\",\"itemListElement\":[{\"@type\":\"ListItem\",\"position\":1,\"name\":\"Portada\",\"item\":\"https:\/\/www.mercasystems.com\/palomas_blog\"},{\"@type\":\"ListItem\",\"position\":2,\"name\":\"Formulario registro 10% P\u00e1jaros\"}]},{\"@type\":\"WebSite\",\"@id\":\"https:\/\/www.mercasystems.com\/palomas_blog\/#website\",\"url\":\"https:\/\/www.mercasystems.com\/palomas_blog\/\",\"name\":\"Mercasystems.com Blog\",\"description\":\"Toda la informaci\u00f3n que necesitas saber sobre tus palomas y p\u00e1jaros\",\"potentialAction\":[{\"@type\":\"SearchAction\",\"target\":{\"@type\":\"EntryPoint\",\"urlTemplate\":\"https:\/\/www.mercasystems.com\/palomas_blog\/?s={search_term_string}\"},\"query-input\":\"required name=search_term_string\"}],\"inLanguage\":\"es\"}]}<\/script>\n<!-- \/ Yoast SEO plugin. -->","yoast_head_json":{"title":"Formulario registro 10% P\u00e1jaros - Mercasystems.com Blog","robots":{"index":"index","follow":"follow","max-snippet":"max-snippet:-1","max-image-preview":"max-image-preview:large","max-video-preview":"max-video-preview:-1"},"canonical":"https:\/\/www.mercasystems.com\/palomas_blog\/?page_id=1156","og_locale":"es_ES","og_type":"article","og_title":"Formulario registro 10% P\u00e1jaros - Mercasystems.com Blog","og_url":"https:\/\/www.mercasystems.com\/palomas_blog\/?page_id=1156","og_site_name":"Mercasystems.com Blog","article_modified_time":"2018-05-21T10:02:07+00:00","twitter_card":"summary_large_image","schema":{"@context":"https:\/\/schema.org","@graph":[{"@type":"WebPage","@id":"https:\/\/www.mercasystems.com\/palomas_blog\/?page_id=1156","url":"https:\/\/www.mercasystems.com\/palomas_blog\/?page_id=1156","name":"Formulario registro 10% P\u00e1jaros - Mercasystems.com Blog","isPartOf":{"@id":"https:\/\/www.mercasystems.com\/palomas_blog\/#website"},"datePublished":"2017-06-01T22:06:08+00:00","dateModified":"2018-05-21T10:02:07+00:00","breadcrumb":{"@id":"https:\/\/www.mercasystems.com\/palomas_blog\/?page_id=1156#breadcrumb"},"inLanguage":"es","potentialAction":[{"@type":"ReadAction","target":["https:\/\/www.mercasystems.com\/palomas_blog\/?page_id=1156"]}]},{"@type":"BreadcrumbList","@id":"https:\/\/www.mercasystems.com\/palomas_blog\/?page_id=1156#breadcrumb","itemListElement":[{"@type":"ListItem","position":1,"name":"Portada","item":"https:\/\/www.mercasystems.com\/palomas_blog"},{"@type":"ListItem","position":2,"name":"Formulario registro 10% P\u00e1jaros"}]},{"@type":"WebSite","@id":"https:\/\/www.mercasystems.com\/palomas_blog\/#website","url":"https:\/\/www.mercasystems.com\/palomas_blog\/","name":"Mercasystems.com Blog","description":"Toda la informaci\u00f3n que necesitas saber sobre tus palomas y p\u00e1jaros","potentialAction":[{"@type":"SearchAction","target":{"@type":"EntryPoint","urlTemplate":"https:\/\/www.mercasystems.com\/palomas_blog\/?s={search_term_string}"},"query-input":"required name=search_term_string"}],"inLanguage":"es"}]}},"jetpack_sharing_enabled":true,"jetpack_shortlink":"https:\/\/wp.me\/P7JqRk-iE","jetpack-related-posts":[{"id":3644,"url":"https:\/\/www.mercasystems.com\/palomas_blog\/?page_id=3644","url_meta":{"origin":1156,"position":0},"title":"Ofertas at\u00e9 31 maio","date":"16 mayo, 2018","format":false,"excerpt":"","rel":"","context":"Entrada similar","img":{"alt_text":"","src":"","width":0,"height":0},"classes":[]},{"id":1139,"url":"https:\/\/www.mercasystems.com\/palomas_blog\/?page_id=1139","url_meta":{"origin":1156,"position":1},"title":"Formulario registro 10% Palomas","date":"30 mayo, 2017","format":false,"excerpt":"","rel":"","context":"Entrada similar","img":{"alt_text":"","src":"","width":0,"height":0},"classes":[]},{"id":1163,"url":"https:\/\/www.mercasystems.com\/palomas_blog\/?page_id=1163","url_meta":{"origin":1156,"position":2},"title":"Formulario registro 10% USP\u00e1jaros","date":"31 mayo, 2017","format":false,"excerpt":"","rel":"","context":"Entrada similar","img":{"alt_text":"","src":"","width":0,"height":0},"classes":[]},{"id":1173,"url":"https:\/\/www.mercasystems.com\/palomas_blog\/?page_id=1173","url_meta":{"origin":1156,"position":3},"title":"Formulario registro 10% USPigeons","date":"31 mayo, 2017","format":false,"excerpt":"","rel":"","context":"Entrada similar","img":{"alt_text":"","src":"","width":0,"height":0},"classes":[]},{"id":1183,"url":"https:\/\/www.mercasystems.com\/palomas_blog\/?page_id=1183","url_meta":{"origin":1156,"position":4},"title":"Formulario registro 10% Aves","date":"31 mayo, 2017","format":false,"excerpt":"","rel":"","context":"Entrada similar","img":{"alt_text":"","src":"","width":0,"height":0},"classes":[]},{"id":1187,"url":"https:\/\/www.mercasystems.com\/palomas_blog\/?page_id=1187","url_meta":{"origin":1156,"position":5},"title":"Formulario registro 10% FRPigeons","date":"31 mayo, 2017","format":false,"excerpt":"","rel":"","context":"Entrada similar","img":{"alt_text":"","src":"","width":0,"height":0},"classes":[]}],"_links":{"self":[{"href":"https:\/\/www.mercasystems.com\/palomas_blog\/index.php?rest_route=\/wp\/v2\/pages\/1156"}],"collection":[{"href":"https:\/\/www.mercasystems.com\/palomas_blog\/index.php?rest_route=\/wp\/v2\/pages"}],"about":[{"href":"https:\/\/www.mercasystems.com\/palomas_blog\/index.php?rest_route=\/wp\/v2\/types\/page"}],"author":[{"embeddable":true,"href":"https:\/\/www.mercasystems.com\/palomas_blog\/index.php?rest_route=\/wp\/v2\/users\/2"}],"replies":[{"embeddable":true,"href":"https:\/\/www.mercasystems.com\/palomas_blog\/index.php?rest_route=%2Fwp%2Fv2%2Fcomments&post=1156"}],"version-history":[{"count":20,"href":"https:\/\/www.mercasystems.com\/palomas_blog\/index.php?rest_route=\/wp\/v2\/pages\/1156\/revisions"}],"predecessor-version":[{"id":3853,"href":"https:\/\/www.mercasystems.com\/palomas_blog\/index.php?rest_route=\/wp\/v2\/pages\/1156\/revisions\/3853"}],"wp:attachment":[{"href":"https:\/\/www.mercasystems.com\/palomas_blog\/index.php?rest_route=%2Fwp%2Fv2%2Fmedia&parent=1156"}],"curies":[{"name":"wp","href":"https:\/\/api.w.org\/{rel}","templated":true}]}}